{"id":755,"date":"2008-03-02T12:15:56","date_gmt":"2008-03-02T10:15:56","guid":{"rendered":"http:\/\/www.oezratty.net\/wordpress\/charte\/"},"modified":"2022-04-26T15:48:55","modified_gmt":"2022-04-26T14:48:55","slug":"charte","status":"publish","type":"page","link":"https:\/\/www.oezratty.net\/wordpress\/blog\/charte\/","title":{"rendered":"Positionnement"},"content":{"rendered":"<p>J&#8217;ai cr\u00e9\u00e9 ce site web en mai 2006. Il tournait initialement autour du th\u00e8me de l&#8217;<strong>innovation<\/strong>, en couvrant les nouvelles technologies num\u00e9riques et le monde de l\u2019innovation, en particulier la vie des startups. C\u00f4t\u00e9 innovations, j&#8217;ai pu traiter des usages, de la technologie (mat\u00e9rielle comme logicielle), les strat\u00e9gies des entreprises, autant que la macro-\u00e9conomie et comment elle est reli\u00e9e au politique. J&#8217;ai trait\u00e9 de th\u00e9matiques comme la photographie et la TV num\u00e9rique, les objets connect\u00e9s, l&#8217;uberisation, la g\u00e9nomique, l&#8217;astronomie et l&#8217;intelligence artificielle.\u00a0Mes activit\u00e9s aupr\u00e8s de nombreuses startups m&#8217;ont fait d\u00e9couvrir l&#8217;\u00e9cosyst\u00e8me de l&#8217;innovation en France et donn\u00e9 quelques envies d&#8217;en d\u00e9coudre pour l&#8217;am\u00e9liorer et aussi de partager un maximum d\u2019informations pour rendre service \u00e0 la communaut\u00e9 de l\u2019innovation en France.<\/p>\n<p>Depuis 2018-2020, ce site est presque int\u00e9gralement sp\u00e9cialis\u00e9 dans les <strong>technologies quantiques<\/strong>. J&#8217;y publie notamment les verbatims des podcasts <strong>Quantum<\/strong> (actualit\u00e9s quantiques) et <strong>Decode Quantique<\/strong> (entretiens avec les sp\u00e9cialistes du domaine), r\u00e9alis\u00e9s avec Fanny Bouton. J&#8217;y publie aussi divers \u00e9crits sur le sujet comme mon ebook <a href=\"https:\/\/www.oezratty.net\/wordpress\/2020\/comprendre-informatique-quantique-edition-2020\/\">Comprendre l&#8217;Informatique Quantique<\/a>, devenu en 2021 <a href=\"https:\/\/www.oezratty.net\/wordpress\/2021\/understanding-quantum-technologies-2021\/\">Understanding Quantum Technologies<\/a>.<\/p>\n<p>Vous trouverez \u00e9galement publi\u00e9s sur ce site divers documents t\u00e9l\u00e9chargeables librement en PDF et publi\u00e9s en licence Creative Commons : mes <a href=\"https:\/\/www.oezratty.net\/wordpress\/telecharger\/publications\/\">rapports de visite du CES de Las Vegas<\/a> (entre 2006 et 2020), un <a href=\"https:\/\/www.oezratty.net\/wordpress\/telecharger\/publications\/\">Guide<\/a> sur l&#8217;accompagnement des startups mis \u00e0 jour plusieurs fois entre 2006 et 2019, ainsi que divers <a href=\"https:\/\/www.oezratty.net\/wordpress\/telecharger\/publications\/\">supports de pr\u00e9sentations<\/a> pour conf\u00e9rences, s\u00e9minaires et formations. Le tout est compl\u00e9t\u00e9 par une approche d\u2019<em>open data <\/em>sur les <a href=\"https:\/\/www.oezratty.net\/wordpress\/archives-complete\/\">statistiques de lecture<\/a>, les <a href=\"https:\/\/www.oezratty.net\/wordpress\/commentaires\">commentaires<\/a> ainsi que sur l\u2019<a href=\"https:\/\/www.oezratty.net\/wordpress\/blog\/informations-techniques\/\">architecture technique du site<\/a>.<\/p>\n<p>Les <strong>commentaires <\/strong>sont \u00e9videmment les bienvenus et ils ont \u00e9t\u00e9 de bonne tenue jusqu&#8217;\u00e0 pr\u00e9sent, sans d\u00e9bordements. Il m&#8217;est arriv\u00e9 de supprimer sporadiquement certains commentaires qui n&#8217;\u00e9taient que de la publicit\u00e9 pour l&#8217;\u00e9metteur. Et puis \u00e9videmment tous les spams. Je les filtrais au d\u00e9part avec Askimet, qui est int\u00e9gr\u00e9 \u00e0 WordPress. J&#8217;ai ensuite ajout\u00e9 le filtrage par Captcha, le syst\u00e8me qui vous demande de taper un code avant d&#8217;envoyer votre commentaire. Puis ajout\u00e9 une petite tambouille sur mesure pour all\u00e9ger le travail d&#8217;Askimet et la d\u00e9tection de faux positifs.<\/p>\n<p>Je suis parfois sollicit\u00e9 pour des <strong>partenariats divers <\/strong>concernant ce blog. Voici quelle est ma position \u00e0 ce sujet :<\/p>\n<ul>\n<li>Je d\u00e9cline tout partenariat de nature <strong>publicitaire<\/strong>. Vous ne trouverez jamais de publicit\u00e9 sur ce site, que ce soit via Google AdSense ou tout autre moyen.<\/li>\n<li>Je n\u2019accepte pas les demandes d\u2019<strong>\u00e9changes de liens<\/strong>.<\/li>\n<li>J&#8217;accepte que mes articles soient <strong>repris <\/strong>sur d&#8217;autres sites d&#8217;information, si leur positionnement est compatible avec mon activit\u00e9 et avec mes valeurs et le contexte de leur publication apporte une valeur ajout\u00e9e (trafic ou environnement \u00e9ditorial). C&#8217;est le cas par exemple sur <a href=\"http:\/\/frenchweb.fr\/rubrique\/frenchweb\/les-experts-frenchweb\/olivier-ezratty-les-experts-frenchweb-frenchweb\/\">Frenchweb<\/a>\u00a0ou chez <a href=\"http:\/\/www.challenges.fr\/\">Challenges<\/a>. Bien entendu, mon accord est n\u00e9cessaire avant toute republication.<\/li>\n<li>Je n&#8217;accepte pas la <strong>publication d&#8217;articles tiers<\/strong>, propos\u00e9s notamment par cette plaie que sont les agences de SEO.<\/li>\n<li>Je n&#8217;\u00e9cris pas d&#8217;articles <strong>sur commande <\/strong>pour ce blog comme pour tout autre m\u00e9dia ou support.<\/li>\n<\/ul>\n","protected":false},"excerpt":{"rendered":"<p>J&#8217;ai cr\u00e9\u00e9 ce site web en mai 2006. Il tournait initialement autour du th\u00e8me de l&#8217;innovation, en couvrant les nouvelles technologies num\u00e9riques et le monde de l\u2019innovation, en particulier la vie des startups. C\u00f4t\u00e9 innovations, j&#8217;ai pu traiter des usages, de la technologie (mat\u00e9rielle comme logicielle), les strat\u00e9gies des entreprises, autant que la macro-\u00e9conomie et [&hellip;]<\/p>\n","protected":false},"author":1,"featured_media":0,"parent":756,"menu_order":0,"comment_status":"open","ping_status":"open","template":"","meta":{"footnotes":""},"class_list":["post-755","page","type-page","status-publish","hentry"],"_links":{"self":[{"href":"https:\/\/www.oezratty.net\/wordpress\/wp-json\/wp\/v2\/pages\/755","targetHints":{"allow":["GET"]}}],"collection":[{"href":"https:\/\/www.oezratty.net\/wordpress\/wp-json\/wp\/v2\/pages"}],"about":[{"href":"https:\/\/www.oezratty.net\/wordpress\/wp-json\/wp\/v2\/types\/page"}],"author":[{"embeddable":true,"href":"https:\/\/www.oezratty.net\/wordpress\/wp-json\/wp\/v2\/users\/1"}],"replies":[{"embeddable":true,"href":"https:\/\/www.oezratty.net\/wordpress\/wp-json\/wp\/v2\/comments?post=755"}],"version-history":[{"count":0,"href":"https:\/\/www.oezratty.net\/wordpress\/wp-json\/wp\/v2\/pages\/755\/revisions"}],"up":[{"embeddable":true,"href":"https:\/\/www.oezratty.net\/wordpress\/wp-json\/wp\/v2\/pages\/756"}],"wp:attachment":[{"href":"https:\/\/www.oezratty.net\/wordpress\/wp-json\/wp\/v2\/media?parent=755"}],"curies":[{"name":"wp","href":"https:\/\/api.w.org\/{rel}","templated":true}]}}