{"id":714,"date":"2008-02-07T19:42:57","date_gmt":"2008-02-07T17:42:57","guid":{"rendered":"http:\/\/www.oezratty.net\/wordpress\/telecharger\/"},"modified":"2008-07-07T11:50:58","modified_gmt":"2008-07-07T09:50:58","slug":"telecharger","status":"publish","type":"page","link":"https:\/\/www.oezratty.net\/wordpress\/telecharger\/","title":{"rendered":"T\u00e9l\u00e9chargements"},"content":{"rendered":"<p>Vous pouvez t\u00e9l\u00e9charger librement :<\/p>\n<p><a href=\"https:\/\/www.oezratty.net\/wordpress\/telecharger\/publications\/\"><br \/>\n<img loading=\"lazy\" decoding=\"async\" style=\"border-top-width: 0px; border-left-width: 0px; border-bottom-width: 0px; border-right-width: 0px\" height=\"270\"   src=\"https:\/\/www.oezratty.net\/wordpress\/wp-content\/Publications.png\" width=\"400\"  border=\"0\"><br \/>\n<\/a><\/p>\n<ul>\n<li>Diverses <a href=\"https:\/\/www.oezratty.net\/wordpress\/telecharger\/publications\/\">publications<\/a> comme les rapports de visite du Consumer Electronics Show de Las Vegas depuis 2006, le Guide sur l&#8217;accompagnement des startups hightech ou bien les propositions pour faire r\u00e9ussir les startups des TICs pour les Assises du Num\u00e9rique.<\/li>\n<li>Les <a href=\"https:\/\/www.oezratty.net\/wordpress\/telecharger\/conferences\/\">supports de pr\u00e9sentations<\/a> de diverses formations, conf\u00e9rences, et s\u00e9minaires dans lesquels j&#8217;ai pu intervenir.<\/li>\n<\/ul>\n<p><a href=\"https:\/\/www.oezratty.net\/wordpress\/telecharger\/conferences\/\"><br \/>\n<img loading=\"lazy\" decoding=\"async\" style=\"border-top-width: 0px; border-left-width: 0px; border-bottom-width: 0px; border-right-width: 0px\" height=\"230\"   src=\"https:\/\/www.oezratty.net\/wordpress\/wp-content\/Contenus.png\" width=\"400\"  border=\"0\"> <\/a><\/p>\n<p> <b>Attention<\/b> cependant \u00e0 sauvegarder d&#8217;abord les documents sur votre bureau avant de les ouvrir avec Adobe Acrobat Reader ou tout autre lecteur PDF. Pour ce faire, utilisez la commande &#8220;Sauvegarder&#8230;&#8221; en cliquant sur le bouton droit de la souris (sur un PC&#8230;) sur les liens sur les fichiers en question. Si vous ouvres le fichier au sein du navigateur, vous risquez de rencontrer un bug li\u00e9 \u00e0 des difficult\u00e9s d&#8217;int\u00e9gration entre les navigateurs et les lecteurs PDF.<\/p>\n","protected":false},"excerpt":{"rendered":"<p>Vous pouvez t\u00e9l\u00e9charger librement : Diverses publications comme les rapports de visite du Consumer Electronics Show de Las Vegas depuis 2006, le Guide sur l&#8217;accompagnement des startups hightech ou bien les propositions pour faire r\u00e9ussir les startups des TICs pour les Assises du Num\u00e9rique. Les supports de pr\u00e9sentations de diverses formations, conf\u00e9rences, et s\u00e9minaires dans [&hellip;]<\/p>\n","protected":false},"author":1,"featured_media":0,"parent":0,"menu_order":0,"comment_status":"open","ping_status":"open","template":"","meta":{"footnotes":""},"class_list":["post-714","page","type-page","status-publish","hentry"],"_links":{"self":[{"href":"https:\/\/www.oezratty.net\/wordpress\/wp-json\/wp\/v2\/pages\/714","targetHints":{"allow":["GET"]}}],"collection":[{"href":"https:\/\/www.oezratty.net\/wordpress\/wp-json\/wp\/v2\/pages"}],"about":[{"href":"https:\/\/www.oezratty.net\/wordpress\/wp-json\/wp\/v2\/types\/page"}],"author":[{"embeddable":true,"href":"https:\/\/www.oezratty.net\/wordpress\/wp-json\/wp\/v2\/users\/1"}],"replies":[{"embeddable":true,"href":"https:\/\/www.oezratty.net\/wordpress\/wp-json\/wp\/v2\/comments?post=714"}],"version-history":[{"count":0,"href":"https:\/\/www.oezratty.net\/wordpress\/wp-json\/wp\/v2\/pages\/714\/revisions"}],"wp:attachment":[{"href":"https:\/\/www.oezratty.net\/wordpress\/wp-json\/wp\/v2\/media?parent=714"}],"curies":[{"name":"wp","href":"https:\/\/api.w.org\/{rel}","templated":true}]}}