{"id":456,"date":"2007-10-25T11:26:48","date_gmt":"2007-10-25T09:26:48","guid":{"rendered":"http:\/\/www.oezratty.net\/wordpress\/infos-sur-scientipole\/"},"modified":"2011-08-14T16:29:33","modified_gmt":"2011-08-14T14:29:33","slug":"infos-sur-scientipole","status":"publish","type":"page","link":"https:\/\/www.oezratty.net\/wordpress\/startups-accompagnees\/infos-sur-scientipole\/","title":{"rendered":"Scientip\u00f4le Initiative"},"content":{"rendered":"<p>Depuis le printemps 2007, je suis expert, membre du comit\u00e9 de s\u00e9lection et parfois pr\u00e9sident dudit comit\u00e9, dans l\u2019association <a href=\"http:\/\/scientipole-initiative.org\/\">Scientip\u00f4le Initiative<\/a>.<\/p>\n<p>Scientip\u00f4le Initiative est une \u00ab plateforme d\u2019initiative locale \u00bb sp\u00e9cialis\u00e9e dans l\u2019aide \u00e0 la cr\u00e9ation d\u2019entreprises innovantes, financ\u00e9e entre autres par la R\u00e9gion Ile de France, la Caisse des D\u00e9p\u00f4ts et Consignations et d&#8217;autres institutions financi\u00e8res. Elle fonctionne de mani\u00e8re ind\u00e9pendante des pouvoirs publics m\u00eame si ceux-ci lui apportent un soutien moral et financier. Elle fait partie du r\u00e9seau <a href=\"http:\/\/www.france-initiative.fr\/\">France Initiative<\/a>.<\/p>\n<p><img decoding=\"async\" style=\"border-right-width: 10px; border-top-width: 10px; border-bottom-width: 10px; border-left-width: 10px; hspace: 20px; vspace: 20px\" id=\"image11\" alt=\"Logo Scientipole Initiative\" src=\"https:\/\/www.oezratty.net\/wordpress\/wp-content\/Logo%20Scientipole.jpg\" width=\"200\" \/><\/p>\n<p>L\u2019association propose un conseil aux entrepreneurs pour le montage de leur projet ainsi qu\u2019un pr\u00eat d\u2019honneur de 20K\u20ac par fondateur de l\u2019entreprise, plafonn\u00e9 \u00e0 60K\u20ac et \u00e0 quatre fondateurs qui doivent avoir chacun au moins 5% des parts dans leur startup. Ces pr\u00eats d&#8217;honneur alimentent les fonds propres des startups et leur permettent ensuite d&#8217;obtenir un bon effet de levier pour l&#8217;obtention de pr\u00eats et\/ou subventions publiques comme aupr\u00e8s d&#8217;Os\u00e9o ou des banques. Ce sont des pr\u00eats \u00e0 taux z\u00e9ro remboursables en 18 mois-5 ans selon. Le diff\u00e9r\u00e9 est en g\u00e9n\u00e9ral d\u2019un an (d\u00e9lai \u00e0 partir duquel les remboursements d\u00e9marrent).<\/p>\n<p>En une dizaine d\u2019ann\u00e9e, Scientip\u00f4le Initiative a ainsi aid\u00e9 plus de 400 startups pour plus de 16m\u20ac d\u2019engag\u00e9s sous forme de pr\u00eats d\u2019honneur.<\/p>\n<p>Scientip\u00f4le Initiative s\u2019appuie sur les comp\u00e9tences d\u2019experts (<em>r\u00e9mun\u00e9r\u00e9s modestement<\/em>) aussi bien technologiques que dans l\u2019entrepreneuriat pour accompagner les entreprises en cr\u00e9ation et parrainer leurs cr\u00e9ateurs. J\u2019expertise des startups pour Scientip\u00f4le Initiative dans mes domaines de pr\u00e9dilection : les m\u00e9tiers de l\u2019image (photos, vid\u00e9o, TV, cin\u00e9ma).<\/p>\n<p>Les entrepreneurs peuvent faire acte de candidature directement aupr\u00e8s de Scientip\u00f4le Initiative ou bien via leurs experts. L&#8217;instruction des dossiers s&#8217;effectue en plusieurs \u00e9tapes : <\/p>\n<ul>\n<li>Un premier rendez-vous avec un charg\u00e9 d\u2019affaire de l&#8217;\u00e9quipe de Scientip\u00f4le Initiative.<\/li>\n<li>Un second avec un ou plusieurs experts.<\/li>\n<li>Une d\u00e9cision d&#8217;aller de l&#8217;avant prise en commun entre Scientip\u00f4le et le ou les les experts impliqu\u00e9s.<\/li>\n<li>Une expertise formelle r\u00e9alis\u00e9e par ces derniers, sous la forme d&#8217;un rapport d&#8217;expertise qui sert \u00e0 constituer le dossier de pr\u00e9sentation de la soci\u00e9t\u00e9 dans le comit\u00e9 de s\u00e9lection de Scientip\u00f4le Initiative. <\/li>\n<li>Le comit\u00e9 de s\u00e9lection se r\u00e9unit environ deux fois par mois et traite \u00e0 chaque fois entre deux et quatre dossiers. Il est constitu\u00e9 de l&#8217;\u00e9quipe de Scientip\u00f4le, d&#8217;experts de Scientip\u00f4le, et de repr\u00e9sentants des divers organismes de financement de Scientip\u00f4le voire d\u2019entreprises partenaires (notamment Bouygues T\u00e9l\u00e9com et Sun Microsystems). L&#8217;\u00e9quipe de la startup pr\u00e9sente son projet en 20 minutes (avec d\u00e9monstration si possible), suivie d&#8217;un quart d&#8217;heure de discussion avec le comit\u00e9, qui d\u00e9lib\u00e8re ensuite pendant un quart d&#8217;heure une fois la startup partie.<\/li>\n<li>Une fois l\u2019autorisation de pr\u00eat obtenue et les formalit\u00e9s administratives r\u00e9alis\u00e9es, le pr\u00eat peut \u00eatre vers\u00e9 \u00e0 la soci\u00e9t\u00e9.<\/li>\n<li>Scientip\u00f4le Initiative peut ensuite continuer d\u2019accompagner la startup dans la dur\u00e9e, selon ses besoins, et en faisant toujours appel \u00e0 son r\u00e9seau d\u2019experts.<\/li>\n<\/ul>\n<p>Scientip\u00f4le Initiative se focalise sur les projets situ\u00e9s en Ile de France et dans les nouvelles technologies de l\u2019information, des mat\u00e9riaux et de la sant\u00e9. Leur si\u00e8ge est situ\u00e9 dans les anciens locaux de l&#8217;Institut SupOptique sur le campus universitaire d&#8217;Orsay dans la r\u00e9gion parisienne. J&#8217;y trouve toutes sortes de projets et d&#8217;\u00e9quipes. Beaucoup sont classiquement des projets d&#8217;ing\u00e9nieurs, mais on trouve assez souvent des \u00e9quipes compl\u00e8tes avec des talents business en plus des comp\u00e9tences technologiques. Les projets accompagn\u00e9s sont souvent h\u00e9berg\u00e9s dans les incubateurs et p\u00e9pini\u00e8res de la r\u00e9gion parisienne, notamment ceux d&#8217;Agoranov, de Telecom ParisTech et du Paris Region Lab.<\/p>\n<p>Scientip\u00f4le Initiative a \u00e9t\u00e9 compl\u00e9t\u00e9 en 2006 par Scientip\u00f4le Capital, un fonds d\u2019amor\u00e7age et de capital risque qui peut notamment prendre le relai dans le financement des entreprises laur\u00e9ates de Scientip\u00f4le Initiative avec des tickets de l&#8217;ordre de 100K\u20ac \u00e0 300K\u20ac.<\/p>\n","protected":false},"excerpt":{"rendered":"<p>Depuis le printemps 2007, je suis expert, membre du comit\u00e9 de s\u00e9lection et parfois pr\u00e9sident dudit comit\u00e9, dans l\u2019association Scientip\u00f4le Initiative. Scientip\u00f4le Initiative est une \u00ab plateforme d\u2019initiative locale \u00bb sp\u00e9cialis\u00e9e dans l\u2019aide \u00e0 la cr\u00e9ation d\u2019entreprises innovantes, financ\u00e9e entre autres par la R\u00e9gion Ile de France, la Caisse des D\u00e9p\u00f4ts et Consignations et d&#8217;autres [&hellip;]<\/p>\n","protected":false},"author":1,"featured_media":0,"parent":39,"menu_order":0,"comment_status":"open","ping_status":"open","template":"","meta":{"footnotes":""},"class_list":["post-456","page","type-page","status-publish","hentry"],"_links":{"self":[{"href":"https:\/\/www.oezratty.net\/wordpress\/wp-json\/wp\/v2\/pages\/456","targetHints":{"allow":["GET"]}}],"collection":[{"href":"https:\/\/www.oezratty.net\/wordpress\/wp-json\/wp\/v2\/pages"}],"about":[{"href":"https:\/\/www.oezratty.net\/wordpress\/wp-json\/wp\/v2\/types\/page"}],"author":[{"embeddable":true,"href":"https:\/\/www.oezratty.net\/wordpress\/wp-json\/wp\/v2\/users\/1"}],"replies":[{"embeddable":true,"href":"https:\/\/www.oezratty.net\/wordpress\/wp-json\/wp\/v2\/comments?post=456"}],"version-history":[{"count":0,"href":"https:\/\/www.oezratty.net\/wordpress\/wp-json\/wp\/v2\/pages\/456\/revisions"}],"up":[{"embeddable":true,"href":"https:\/\/www.oezratty.net\/wordpress\/wp-json\/wp\/v2\/pages\/39"}],"wp:attachment":[{"href":"https:\/\/www.oezratty.net\/wordpress\/wp-json\/wp\/v2\/media?parent=456"}],"curies":[{"name":"wp","href":"https:\/\/api.w.org\/{rel}","templated":true}]}}