{"id":38,"date":"2006-05-25T14:11:56","date_gmt":"2006-05-25T12:11:56","guid":{"rendered":"http:\/\/olivier.ezratty.free.fr\/wordpress\/?page_id=38"},"modified":"2025-12-15T19:17:51","modified_gmt":"2025-12-15T18:17:51","slug":"bio-english","status":"publish","type":"page","link":"https:\/\/www.oezratty.net\/wordpress\/bio\/bio-english\/","title":{"rendered":"English bio and background"},"content":{"rendered":"<p>Olivier Ezratty, &lt; quantum engineer | &#8230; &gt;<\/p>\n<p>olivier(at)oezratty.net, <a href=\"https:\/\/www.oezratty.net\">https:\/\/www.oezratty.net<\/a>, <a href=\"http:\/\/www.twitter.com\/olivez\">@olivez<\/a><\/p>\n<p><a href=\"https:\/\/scholar.google.com\/citations?hl=en&amp;view_op=list_works&amp;gmla=AL3_zij0S6C67Rwy7TC-nAlV76VS61PdHiv0SGi0AC8lVv5bsfSEyuTe3b8ifzmtWGMAl4SRCyr-3x1fPlmhKA&amp;user=sohdHt8AAAAJ\">Google Scholar page<\/a>.<\/p>\n<p><strong>What I am doing<\/strong><\/p>\n<p>I am an author, trainer and advisor on quantum technologies working with businesses and public services. I created the open-source book \u201cUnderstanding Quantum Technologies\u201d, with its 8<sup>th<\/sup> edition published in 2025.<\/p>\n<p><strong>On quantum technologies<\/strong><\/p>\n<p>Here are my various activities in the quantum technologies ecosystem.<\/p>\n<p><u>Author<\/u><\/p>\n<ul>\n<li>I published the reference ebook <strong>Comprendre l\u2019informatique quantique<\/strong> in September 2018 and updated in September 2019 and 2020, then in English with <strong>Understanding Quantum Technologies<\/strong>, <a href=\"https:\/\/www.oezratty.net\/wordpress\/2021\/understanding-quantum-technologies-2021\/\">published<\/a> in September 2021 (836 pages), September 2022 (1,128 pages), September 2023 (1,366 pages), September 2024 (1,554 pages) and September 2025 (1,522 pages). The English versions can also be ordered in <a href=\"https:\/\/www.amazon.com\/s?k=Understanding+Quantum+Technologies+2025&amp;crid=EZAE6ULMSGPE\">paperback edition<\/a> on Amazon worldwide.<\/li>\n<li>With <strong>Fanny Bouton<\/strong>, I host two <a href=\"https:\/\/www.oezratty.net\/wordpress\/podcasts-quantiques\/\">podcast<\/a> series on a pro-bono basis: <strong>Quantum <\/strong>on quantum news (since September 2019) and <strong>Decode Quantum<\/strong>, one-hour interviews with specialists in the field (researchers, entrepreneurs, etc) since March 2020, in partnership with Frenchweb, which broadcasts them on its website. They are in French, so far, with some episodes in English.<\/li>\n<\/ul>\n<p><u>Speaker<\/u><\/p>\n<ul>\n<li>With <strong>Fanny Bouton<\/strong>, we launched popularization conferences for the general public on quantum computing starting with <strong>Le quantique c&#8217;est fantastique<\/strong>, played in Nantes during the Web2day event in June 2018 (<a href=\"https:\/\/www.youtube.com\/watch?v=jodfhQOvwww\">video<\/a>).<\/li>\n<li>I am a <strong>speaker <\/strong>on quantum technologies for many private and public sector actors. With for example: Soci\u00e9t\u00e9 G\u00e9n\u00e9rale, BNP, Cr\u00e9dit Agricole, Michelin, Adeo, L&#8217;Or\u00e9al, FIECC, IHEDN, Business France, Avolta Partners, as well as in various conferences (Minalogic days in Grenoble, QCB conferences of Bpifrance, #GEN2021 in Metz, etc., and often in duo with Research Directors such as Alexia Auff\u00e8ves, Pascale Senellart, Eleni Diamanti, Elham Kashefi (all from CNRS) and Maud Vinet (CEA-Leti).<\/li>\n<li>I moderated some panels on <a href=\"https:\/\/www.youtube.com\/watch?v=5UDJptJ-ymU&amp;t=4034s\">quantum computing<\/a>, quantum sensors and <a href=\"https:\/\/www.youtube.com\/watch?v=qWea8vwgL7w&amp;t=73s\">quantum software<\/a> in Bpifrance&#8217;s BIG event in 2018, 2019 and 2021. Then at the launch of the hybrid quantum computing strategy on January 4, 2022 at IOGS as well as in the Quantum Ambitions conference organized by CEA, CNRS and Inria on February 21, 2022 at CEA in Saclay and at the <a href=\"https:\/\/www.francequantum.fr\/sessions\">France Quantum<\/a> event in June 2022 at the Eiffel Tower and then in the June 2023 and May 2024 editions.<\/li>\n<li>I spoke also at the <strong>Q2B<\/strong> in Paris, in 2023 (on the quantum energy initiative) and 2024 (on quantum error correction) and 2025 in Paris and in Santa Clara (on FTQC roadmaps, FTQC energetics, and quantum computing case studies analysis) and in various academic events outside France, like in Taiwan (September 2023), Denmark (December 2023), Slovenia (April 2024), Lindau, Germany (July 2024), CERN in Geneva (January 2025), Padova, Italy (June 2025), and Gottingen, Germany (Septembre 2025).<\/li>\n<\/ul>\n<p><u>Trainer<\/u><\/p>\n<ul>\n<li>I run a seminar on quantum computing for corporate IT and innovation audiences for <strong>CEA INSTN <\/strong>and for various corporations in the financial and industry sectors.<\/li>\n<li>I am a visiting teacher in the quantum major from <strong>EPITA <\/strong>since 2023.<\/li>\n<\/ul>\n<p><u>Expertise<\/u><\/p>\n<ul>\n<li>I am an expert on quantum technologies for <strong>Bpifrance <\/strong>(i-NOV, i-LAB, i-Demo and deep tech programs) and <strong>ANR<\/strong> (HQI and METRICS programs).<\/li>\n<li>I advise various venture funds for the due diligence process of their potential startup investments.<\/li>\n<\/ul>\n<p><u>Research<\/u><\/p>\n<ul>\n<li>I am a research associate at <strong>EPITA Research Laboratory<\/strong>. As such, I published a review paper on <a href=\"https:\/\/epja.epj.org\/articles\/epja\/abs\/2023\/05\/10050_2023_Article_1006\/10050_2023_Article_1006.html\">superconducting qubits<\/a> and am working in the field of quantum foundations along with Philippe Grangier (IOGS) with a <a href=\"https:\/\/www.mdpi.com\/1099-4300\/26\/12\/1004\">paper on quantum foundations<\/a> published in Entropy in 2025.<\/li>\n<li>I coordinated the redaction of an arXiv EU <a href=\"https:\/\/arxiv.org\/abs\/2505.23860\">perspective on AI and quantum computing<\/a> in 2025.<\/li>\n<li>I contributed to the research work on the energetics of quantum computing led by Alexia Auff\u00e8ves and her team from CNRS Institut N\u00e9el in Grenoble and MajuLab in Singapore. I co-founded the <strong>Quantum Energy Initiative <\/strong>that we launched in 2022.<\/li>\n<\/ul>\n<p><strong>Past topics<\/strong><\/p>\n<p>Between 2006 and 2021, I published many other open source ebooks: <strong>Les usages de l&#8217;intelligence artificielle (<\/strong>2017, 2018, 2019 and 2021) as well as the <strong>CES Las Vegas Report<\/strong>, each January from 2006 to 2020, and the <strong>Startup Guide, <\/strong>which became a reference in France with more than 400,000 downloads, between 2006 and 2019). These books were published on my blog &#8220;Opinions Libres&#8221; (<a href=\"http:\/\/www.oezratty.net\">www.oezratty.net<\/a>) which deals with technological innovation from the scientific, technological, entrepreneurial and innovation public policies and now, mainly about quantum technologies.<\/p>\n<p>Since 2005, I carried out various missions in different verticals such as the <strong>media and telecoms <\/strong>(Orange, Bouygues T\u00e9l\u00e9com, TDF, M\u00e9diam\u00e9trie, BVA, Astra), <strong>finance and insurance <\/strong>(BPCE group, Caisse des D\u00e9p\u00f4ts, Soci\u00e9t\u00e9 G\u00e9n\u00e9rale, Swiss Life, Cr\u00e9dit Agricole, Cr\u00e9dit Mutuel-CIC, Generali, MAIF), <strong>industry and services <\/strong>(Schneider, Camfil, Vinci, NTN-STR, Econocom, ADP, Air France, Airbus) and in the <strong>public sector <\/strong>(Ministry of Defense, CEA, M\u00e9t\u00e9o France, Bpifrance, Business France, Douanes Fran\u00e7aises, Inria, European Union).<\/p>\n<p><strong>QFDN<\/strong><\/p>\n<p>I am also the co-initiator in 2012 of <strong>Quelques Femmes du Num\u00e9rique !<\/strong> (\u201csome digital women\u201d, <a href=\"http:\/\/www.qfdn.net\">www.qfdn.net<\/a>) which became an association in 2016, and aims to increase gender balance in digital professions, by raising awareness among young people about these professions. I am the portraits photographer for the initiative and I also developed their new <a href=\"https:\/\/www.qfdn.net\/\">web site<\/a> launched in April 2021.<\/p>\n<p><strong>Before<\/strong><\/p>\n<p>I was initially a software engineer and developer in electronic publishing, starting in 1985 at <strong>Sogitec, <\/strong>a subsidiary of the Dassault group, where I was consecutively Software Engineer, then Head of the Research Department in the Communication Division. I initialized developments under Windows 1.0 in the field of editorial computing as well as on SGML, the ancestor of HTML and XML.<\/p>\n<p>Joining <strong>Microsoft<\/strong><strong>\u00a0France <\/strong>in 1990, I gained experience in many areas of the marketing mix. I launched the first version of Visual Basic in 1991 and Windows NT in 1993. In 1998, I became Marketing and Communication Director of Microsoft France and in 2001, Director of the Developer Division, which I created in France to launch the .NET platform and promote it to developers, higher education and research, as well as to startups. These were 15 very busy years but a long time ago.<\/p>\n<p><strong>Education<\/strong><\/p>\n<p>I am a software engineer from <strong>Centrale Paris <\/strong>(1985), which became CentraleSupelec in 2015.<\/p>\n<p>Pictures of me can be found <a href=\"https:\/\/www.oezratty.net\/wordpress\/bio\/about\/\">here<\/a>.<\/p>\n","protected":false},"excerpt":{"rendered":"<p>Olivier Ezratty, &lt; quantum engineer | &#8230; &gt; olivier(at)oezratty.net, https:\/\/www.oezratty.net, @olivez Google Scholar page. What I am doing I am an author, trainer and advisor on quantum technologies working with businesses and public services. I created the open-source book \u201cUnderstanding Quantum Technologies\u201d, with its 8th edition published in 2025. On quantum technologies Here are my [&hellip;]<\/p>\n","protected":false},"author":1,"featured_media":0,"parent":10,"menu_order":0,"comment_status":"closed","ping_status":"closed","template":"","meta":{"footnotes":""},"class_list":["post-38","page","type-page","status-publish","hentry"],"_links":{"self":[{"href":"https:\/\/www.oezratty.net\/wordpress\/wp-json\/wp\/v2\/pages\/38","targetHints":{"allow":["GET"]}}],"collection":[{"href":"https:\/\/www.oezratty.net\/wordpress\/wp-json\/wp\/v2\/pages"}],"about":[{"href":"https:\/\/www.oezratty.net\/wordpress\/wp-json\/wp\/v2\/types\/page"}],"author":[{"embeddable":true,"href":"https:\/\/www.oezratty.net\/wordpress\/wp-json\/wp\/v2\/users\/1"}],"replies":[{"embeddable":true,"href":"https:\/\/www.oezratty.net\/wordpress\/wp-json\/wp\/v2\/comments?post=38"}],"version-history":[{"count":7,"href":"https:\/\/www.oezratty.net\/wordpress\/wp-json\/wp\/v2\/pages\/38\/revisions"}],"predecessor-version":[{"id":24190,"href":"https:\/\/www.oezratty.net\/wordpress\/wp-json\/wp\/v2\/pages\/38\/revisions\/24190"}],"up":[{"embeddable":true,"href":"https:\/\/www.oezratty.net\/wordpress\/wp-json\/wp\/v2\/pages\/10"}],"wp:attachment":[{"href":"https:\/\/www.oezratty.net\/wordpress\/wp-json\/wp\/v2\/media?parent=38"}],"curies":[{"name":"wp","href":"https:\/\/api.w.org\/{rel}","templated":true}]}}