{"id":3528,"date":"2010-03-29T18:43:13","date_gmt":"2010-03-29T17:43:13","guid":{"rendered":"http:\/\/www.oezratty.net\/wordpress\/?page_id=3528"},"modified":"2015-09-13T12:01:31","modified_gmt":"2015-09-13T10:01:31","slug":"visite-guidee","status":"publish","type":"page","link":"https:\/\/www.oezratty.net\/wordpress\/blog\/visite-guidee\/","title":{"rendered":"Visite guid\u00e9e"},"content":{"rendered":"<p>Un blog est un v\u00e9ritable logiciel ! Quand on en prend soin, on l&#8217;enrichit r\u00e9guli\u00e8rement de nouvelles fonctionnalit\u00e9s. C&#8217;est mon cas et avec beaucoup de fait-maison. Appr\u00e9ciant la ma\u00eetrise de l\u2019ensemble des composantes de mon blog, je fais en sorte d\u2019y int\u00e9grer un maximum de nouveaut\u00e9s. Cela comprend l&#8217;ajout de plug-ins mais aussi du d\u00e9veloppement ou de la modification de certains d\u2019entre eux. Ayant un <em>pass\u00e9 <\/em>de d\u00e9veloppeur, je ne peux m\u2019emp\u00eacher de m\u2019impliquer dans cette partie de la cr\u00e9ation du blog. L\u2019architecture du blog est d\u2019ailleurs largement document\u00e9e dans une <a href=\"https:\/\/www.oezratty.net\/wordpress\/blog\/informations-techniques\/\">autre page<\/a>.<\/p>\n<p>Le design du blog &#8220;Opinions Libres&#8221; a r\u00e9guli\u00e8rement \u00e9volu\u00e9 depuis sa cr\u00e9ation au printemps 2006. L&#8217;actuel date dans son look de mars 2010 apr\u00e8s l&#8217;abandon des couleurs chaudes qui ont tenu quatre ans. Il utilise un style bleu\/gris plus classique et d\u2019actualit\u00e9. Ce design assez d\u00e9pouill\u00e9 a plusieurs sources d&#8217;inspiration : les codes couleur du site d\u2019Apple, la simplicit\u00e9 de l\u2019interface utilisateur de Windows Phone 7, et l\u2019interactivit\u00e9 du moteur de recherche de Google.<\/p>\n<p>Depuis\u00a0juillet 2014, ce blog utilise le plugin <strong>Photo-Folders<\/strong> que j&#8217;ai d\u00e9velopp\u00e9 moi-m\u00eame pour h\u00e9berger toutes mes photos. Il est int\u00e9gr\u00e9 avec son <a href=\"https:\/\/www.oezratty.net\/wordpress\/photos\/\">interface graphique<\/a> pour naviguer dans les photos ainsi qu&#8217;avec des widgets d&#8217;int\u00e9gration des photos dans les articles et de la liste des derniers albums dans la sidebar du blog. Le tout fonctionne avec le support du tactile sur smartphones et tablettes iOS et Android.<\/p>\n<p><a href=\"https:\/\/www.oezratty.net\/wordpress\/wp-content\/pf-navig-01-FR1.jpg\"><img decoding=\"async\" class=\"alignnone wp-image-11164\" src=\"https:\/\/www.oezratty.net\/wordpress\/wp-content\/pf-navig-01-FR1.jpg\" alt=\"pf-navig-01-FR\" width=\"620\" srcset=\"https:\/\/www.oezratty.net\/wordpress\/wp-content\/pf-navig-01-FR1.jpg 1460w, https:\/\/www.oezratty.net\/wordpress\/wp-content\/pf-navig-01-FR1-300x178.jpg 300w, https:\/\/www.oezratty.net\/wordpress\/wp-content\/pf-navig-01-FR1-1024x609.jpg 1024w\" sizes=\"(max-width: 1460px) 100vw, 1460px\" \/><\/a><\/p>\n<p>Mais derri\u00e8re ce design assez d\u00e9pouill\u00e9 et stable se cachent de nombreuses fonctionnalit\u00e9s qui \u00e9voluent r\u00e9guli\u00e8rement et que voici donc :<\/p>\n<ul>\n<li><strong>Blog de largeur variable<\/strong><\/li>\n<\/ul>\n<p>Le contenu s\u2019adapte \u00e0 la largeur de votre navigateur et il s\u2019affiche correctement sur les \u00e9crans de toute r\u00e9solution et en particulier sur les netbooks dot\u00e9s d&#8217;\u00e9crans de 1024&#215;600 pixels. Depuis avril 2010, le blog est pass\u00e9 de trois \u00e0 deux colonnes, rendant la lecture plus agr\u00e9able. La page d\u2019accueil pr\u00e9sente les posts les plus r\u00e9cents avec leur premi\u00e8re illustration et quelques lignes de texte (sans hyperliens).<\/p>\n<p><a href=\"https:\/\/www.oezratty.net\/wordpress\/wp-content\/blog-largeur-variable.jpg\"><img loading=\"lazy\" decoding=\"async\" class=\"alignnone wp-image-11471\" src=\"https:\/\/www.oezratty.net\/wordpress\/wp-content\/blog-largeur-variable.jpg\" alt=\"blog-largeur-variable\" width=\"516\" height=\"313\" \/><\/a><\/p>\n<ul>\n<li><strong>Page d&#8217;accueil en &#8220;infinite scroll&#8221;<\/strong><\/li>\n<\/ul>\n<p>J&#8217;ai introduit cette nouveaut\u00e9 qui s&#8217;inspire du fonctionnement de Google Image et de Pinterest : afficher ind\u00e9finiment la liste des posts pr\u00e9sent\u00e9s dans la page d&#8217;accueil du blog au fur et \u00e0 mesure de la navigation (scroll) dans votre browser. Cela permet de remonter dans le temps dans les archives sans passer par le module d&#8217;archives, qui vaut aussi le d\u00e9tour comme vous le constaterez plus loin.<\/p>\n<ul>\n<li><strong>Export PDF et impression des articles<\/strong><\/li>\n<\/ul>\n<p>Les articles peuvent \u00eatre export\u00e9s au format PDF et bien mis en page, y compris avec les illustrations. J&#8217;ai du supprimer ces derni\u00e8res quelque temps en 2011 car la m\u00e9moire de mon h\u00e9bergeur 1&amp;1 ne permettait pas leur ex\u00e9cution. En f\u00e9vrier 2012, un changement de formule d&#8217;h\u00e9bergement m&#8217;a permis d&#8217;augmenter cette m\u00e9moire (sans changement de tarif&#8230;) et j&#8217;ai pu r\u00e9int\u00e9grer les images dans les PDF g\u00e9n\u00e9r\u00e9s.<\/p>\n<p><a href=\"https:\/\/www.oezratty.net\/wordpress\/wp-content\/Sortie-PDF-et-impression.jpg\"><img loading=\"lazy\" decoding=\"async\" class=\"alignnone size-large wp-image-6645\" title=\"Sortie PDF et impression\" src=\"https:\/\/www.oezratty.net\/wordpress\/wp-content\/Sortie-PDF-et-impression-1024x998.jpg\" alt=\"\" width=\"600\" height=\"600\" \/><\/a><\/p>\n<p>Les articles peuvent aussi \u00eatre affich\u00e9s dans un format \u201cprinter friendly\u201d avec l\u2019icone adapt\u00e9e, \u00e0 droite de l\u2019icone PDF. Un bouton dans l&#8217;\u00e9cran g\u00e9n\u00e9r\u00e9 permet de d\u00e9clencher imm\u00e9diatement l&#8217;impression. Vous pouvez alors b\u00e9n\u00e9ficier des fonctions de pr\u00e9visualisation d&#8217;impression de votre navigateur.<\/p>\n<ul>\n<li><strong>De nombreux contenus t\u00e9l\u00e9chargeables<\/strong><\/li>\n<\/ul>\n<p>Ce blog vous propose de nombreux contenus t\u00e9l\u00e9chargeables et en Creative Commons. Les Rapports de Visite du Consumer Electronics Show publi\u00e9s en janvier chaque ann\u00e9e depuis 2006, le Guide des Startups High-Tech en France r\u00e9guli\u00e8rement mis \u00e0 jour aussi depuis 2006 et bien d\u2019autres encore. Je publie \u00e9galement un certain nombre de supports de pr\u00e9sentation ou de cours. Les contenus comprennent aussi une petite \u00a0revue de presse.<\/p>\n<p><a href=\"https:\/\/www.oezratty.net\/wordpress\/wp-content\/Publications-Opinions-Libres.jpg\"><img loading=\"lazy\" decoding=\"async\" class=\"alignnone size-large wp-image-6648\" title=\"Publications Opinions Libres\" src=\"https:\/\/www.oezratty.net\/wordpress\/wp-content\/Publications-Opinions-Libres-1024x567.jpg\" alt=\"\" width=\"450\" height=\"250\" srcset=\"https:\/\/www.oezratty.net\/wordpress\/wp-content\/Publications-Opinions-Libres-1024x567.jpg 1024w, https:\/\/www.oezratty.net\/wordpress\/wp-content\/Publications-Opinions-Libres-300x166.jpg 300w, https:\/\/www.oezratty.net\/wordpress\/wp-content\/Publications-Opinions-Libres.jpg 1207w\" sizes=\"auto, (max-width: 450px) 100vw, 450px\" \/><\/a><\/p>\n<ul>\n<li><strong>Recherche dynamique<\/strong><\/li>\n<\/ul>\n<p>La recherche de texte dans les articles \u00e0 partir de la barre de menus donne un r\u00e9sultat qui s\u2019affiche dynamiquement dans une colonne bleue dans la colonne de droite du blog. Les 12 premiers r\u00e9sultats sont affich\u00e9s. Un lien est fourni pour lister la totalit\u00e9 des r\u00e9sultats, notamment au cas o\u00f9 il y en aurait plus que 12, et \u00e0 concurrence de 60. Pour les anciennes versions d\u2019Internet Explorer (avant la 5.5), le bouton rechercher avec la loupe fonctionne comme d\u2019habitude et lance une page avec le d\u00e9but des articles correspondant au r\u00e9sultat de la recherche.<\/p>\n<p><a href=\"https:\/\/www.oezratty.net\/wordpress\/wp-content\/blog-recherche.jpg\"><img loading=\"lazy\" decoding=\"async\" class=\"alignnone wp-image-11472\" src=\"https:\/\/www.oezratty.net\/wordpress\/wp-content\/blog-recherche.jpg\" alt=\"blog-recherche\" width=\"518\" height=\"291\" \/><\/a><\/p>\n<ul>\n<li><strong>Archives multicrit\u00e8res<\/strong><\/li>\n<\/ul>\n<p>Les archives de ce blog sont facilement consultables avec la fonction &#8220;Articles&#8221; du menu &#8220;Archives&#8221;, avec un classement par ann\u00e9e et par mois des articles et une indication pour chacun d\u2019entre eux du nombre de commentaires et de pages vues. C&#8217;est une des originalit\u00e9s &#8220;<strong>open data<\/strong>&#8221; de ce blog.\u00a0Diff\u00e9rents modes de consultation sont propos\u00e9s avec un tri par popularit\u00e9 (par nombre de pages vues), par nombre de commentaires ainsi que par longueur des posts et par taille d&#8217;article (indiqu\u00e9 en nombre de signes et de mots). Vous pouvez m\u00eame identifier les articles sans commentaires !<\/p>\n<p><a href=\"https:\/\/www.oezratty.net\/wordpress\/wp-content\/blog-archives.jpg\"><img loading=\"lazy\" decoding=\"async\" class=\"alignnone  wp-image-11474\" src=\"https:\/\/www.oezratty.net\/wordpress\/wp-content\/blog-archives.jpg\" alt=\"blog-archives\" width=\"496\" height=\"488\" \/><\/a><\/p>\n<p>Enfin, les archives peuvent \u00eatre format\u00e9es avec la liste des articles, la liste avec les premi\u00e8res lignes, les articles au complet pour lire l&#8217;int\u00e9grale d&#8217;une ann\u00e9e de ce blog et enfin, juste les images des articles s\u00e9lectionn\u00e9s si la photo vous int\u00e9resse.<\/p>\n<ul>\n<li><strong>Commentaires imbriqu\u00e9s<\/strong><\/li>\n<\/ul>\n<p>Les commentaires des articles sont pr\u00e9sent\u00e9s de mani\u00e8re imbriqu\u00e9e, permettant de bien suivre les conversations. Pensez \u00e0 utiliser la fonction \u201cR\u00e9pondre\u201d en dessous de chaque commentaire. Les commentaires de l\u2019auteur sont mis en \u00e9vidence par une couleur de fond diff\u00e9rente du reste des commentaires.<\/p>\n<p><a href=\"https:\/\/www.oezratty.net\/wordpress\/wp-content\/BlogOlivierEzrattyCommentairesImbriqus.jpg\"><img loading=\"lazy\" decoding=\"async\" style=\"display: inline; border-width: 0px;\" title=\"Blog Olivier Ezratty Commentaires Imbriqu\u00e9s\" src=\"https:\/\/www.oezratty.net\/wordpress\/wp-content\/BlogOlivierEzrattyCommentairesImbriqus_thumb.jpg\" alt=\"Blog Olivier Ezratty Commentaires Imbriqu\u00e9s\" width=\"433\" height=\"363\" border=\"0\" \/><\/a><\/p>\n<p>Et petit plus au passage, lorsque vous r\u00e9pondez \u00e0 un commentaire, la r\u00e9ponse s&#8217;effectue juste dessous ce commentaire. Comme cela, vous n&#8217;\u00eates plus perdus et vous savez \u00e0 qui vous r\u00e9pondez et dans quel contexte.<\/p>\n<p><a href=\"https:\/\/www.oezratty.net\/wordpress\/wp-content\/Reponse-Commentaire-Inline.jpg\"><img loading=\"lazy\" decoding=\"async\" class=\"alignnone size-large wp-image-6630\" title=\"Reponse Commentaire Inline\" src=\"https:\/\/www.oezratty.net\/wordpress\/wp-content\/Reponse-Commentaire-Inline-1024x817.jpg\" alt=\"\" width=\"500\" height=\"570\" \/><\/a><\/p>\n<p>J&#8217;ai aussi ajout\u00e9 un m\u00e9canisme d&#8217;importation dans les commentaires des Tweets reli\u00e9s aux articles. Il fonctionne avec mod\u00e9ration c\u00f4t\u00e9 administrateur et je ne retiens que les Tweets &#8220;\u00e0 valeur&#8221; ajout\u00e9e qui commentent les articles, pas les retweets (RT) simples. Un commentaire provenant de Tweeter est pr\u00e9sent\u00e9 dans un cadre bleu et l&#8217;indication <strong>Tweeter<\/strong> permet d&#8217;ouvrir la page Tweeter de la personne concern\u00e9e. Les Tweets de l&#8217;auteur de l&#8217;article sont en gris comme pour les commentaires.<\/p>\n<p><a href=\"https:\/\/www.oezratty.net\/wordpress\/wp-content\/Integration-Tweets-dans-commentaires.jpg\"><img decoding=\"async\" class=\"alignnone size-large wp-image-6595\" title=\"Int\u00e9gration Tweets dans les commentaires\" src=\"https:\/\/www.oezratty.net\/wordpress\/wp-content\/Integration-Tweets-dans-commentaires-1024x472.jpg\" alt=\"\" width=\"550\" srcset=\"https:\/\/www.oezratty.net\/wordpress\/wp-content\/Integration-Tweets-dans-commentaires-1024x472.jpg 1024w, https:\/\/www.oezratty.net\/wordpress\/wp-content\/Integration-Tweets-dans-commentaires-300x138.jpg 300w\" sizes=\"(max-width: 1024px) 100vw, 1024px\" \/><\/a><\/p>\n<p>Enfin, vous pouvez vous abonner aux commentaires d&#8217;un article en cliquant un simple bouton apr\u00e8s avoir soumis votre propre commentaire.<\/p>\n<p><a href=\"https:\/\/www.oezratty.net\/wordpress\/wp-content\/Abonnement-Commentaires.jpg\"><img loading=\"lazy\" decoding=\"async\" class=\"alignnone size-large wp-image-6632\" title=\"Abonnement Commentaires\" src=\"https:\/\/www.oezratty.net\/wordpress\/wp-content\/Abonnement-Commentaires-1024x426.jpg\" alt=\"\" width=\"500\" height=\"220\" \/><\/a><\/p>\n<ul>\n<li><strong>Pr\u00e9visualisation des commentaires<\/strong><\/li>\n<\/ul>\n<p>Vos commentaires mis en page sont visualis\u00e9s dynamiquement en dessous de la zone de captcha et au fur et \u00e0 mesure de leur saisie, ce qui est particuli\u00e8rement pratique si vous y int\u00e9grez des balises HTML (r\u00e9f\u00e9rences avec &lt;a&gt; ou mise en forme avec &lt;strong&gt;).<\/p>\n<p><a href=\"https:\/\/www.oezratty.net\/wordpress\/wp-content\/BlogOlivierEzrattyPrevisualisationcommentaires.jpg\"><img loading=\"lazy\" decoding=\"async\" style=\"display: inline; border-width: 0px;\" title=\"Blog Olivier Ezratty - Previsualisation commentaires\" src=\"https:\/\/www.oezratty.net\/wordpress\/wp-content\/BlogOlivierEzrattyPrevisualisationcommentaires_thumb.jpg\" alt=\"Blog Olivier Ezratty - Previsualisation commentaires\" width=\"439\" height=\"443\" \/><\/a><\/p>\n<ul>\n<li><strong>Navigation dans les commentaires<\/strong><\/li>\n<\/ul>\n<p>Dans les derniers commentaires affich\u00e9s dans la colonne droite du blog comme dans les commentaires \u00e0 la suite des articles, il est possible de naviguer sans perdre le contexte des conversations.<\/p>\n<p><a href=\"https:\/\/www.oezratty.net\/wordpress\/wp-content\/Commentaires-sidebar.jpg\"><img loading=\"lazy\" decoding=\"async\" class=\"alignnone size-full wp-image-6636\" title=\"Commentaires sidebar\" src=\"https:\/\/www.oezratty.net\/wordpress\/wp-content\/Commentaires-sidebar.jpg\" alt=\"\" width=\"400\" height=\"400\" \/><\/a><\/p>\n<p>Ainsi, pour les derniers commentaires, l\u2019icone \u00e0 gauche permet de r\u00e9pondre directement au commentaire, le lien sur le pseudo permet d\u2019afficher tous les commentaires saisis sous ce pseudo depuis la cr\u00e9ation du blog et le lien sur l\u2019article permet d\u2019afficher le commentaire dans son contexte.<\/p>\n<p>Enfin, en f\u00e9vrier 2012, apr\u00e8s l&#8217;int\u00e9gration des commentaires provenant de Twitter, j&#8217;ai indiqu\u00e9 la provenance de ces commentaires avec &#8220;dans Twitter&#8221; sachant que le mot Twitter contient un lien sur la page web du compte Twitter de la personne ayant fait ce commentaire.<\/p>\n<ul>\n<li><strong>Contributeurs de commentaires<\/strong><\/li>\n<\/ul>\n<p>Cette page accessible \u00e0 partir du menu &#8220;Archives&#8221; et la fonction &#8220;Commentaires&#8221; liste les contributeurs par ordre d\u00e9croissant du nombre de commentaires dans ce blog. En cliquant sur leur nom, le texte int\u00e9gral de leur commentaire s\u2019affiche en dessous de la liste. Comme partout ailleurs dans le site, vous pouvez r\u00e9pondre \u00e0 ce commentaire en cliquant<\/p>\n<p><a href=\"https:\/\/www.oezratty.net\/wordpress\/wp-content\/BlogOlivierEzrattyContributeursActifs.jpg\"><img loading=\"lazy\" decoding=\"async\" style=\"display: inline; border-width: 0px;\" title=\"Blog Olivier Ezratty Contributeurs Actifs\" src=\"https:\/\/www.oezratty.net\/wordpress\/wp-content\/BlogOlivierEzrattyContributeursActifs_thumb.jpg\" alt=\"Blog Olivier Ezratty Contributeurs Actifs\" width=\"441\" height=\"348\" border=\"0\" \/><\/a><\/p>\n<p>De plus, vous pouvez cliquer sur chaque nom de contributeur autant dans les articles que dans la liste des derniers commentaires \u00e0 droite du blog pour acc\u00e9der aux autres commentaires de ce contributeur. Si le contributeur a g\u00e9n\u00e9r\u00e9 plus de 4 commentaires, son nom est alors mis en \u00e9vidence dans la liste des contributeurs qui s\u2019affiche au dessus des commentaires.<\/p>\n<p>Les commentaires \u00e9tant ouverts sans inscription ou identification unique, plusieurs contributeurs diff\u00e9rents peuvent se cacher derri\u00e8re le m\u00eame pseudo ou pr\u00e9nom. Dans ce cas, il est pr\u00e9cis\u00e9 le nombre d\u2019emails diff\u00e9rents correspondants \u00e0 ce pseudo, sans les r\u00e9v\u00e9ler pour autant pour pr\u00e9server la confidentialit\u00e9. Oui, il faudrait que je les trie par email sans afficher l&#8217;email. Plus tard&#8230; !<\/p>\n<ul>\n<li><strong>Abonnement email<\/strong><\/li>\n<\/ul>\n<p>Vous pouvez vous abonner \u00e0 l\u2019envoi d\u2019emails vous avertissant de la publication d\u2019un nouvel article. Vous recevrez alors un email vous avertissant de leur publication avec un lien sur l&#8217;article. L&#8217;email ne contient pas les articles en entier.<\/p>\n<p><a href=\"https:\/\/www.oezratty.net\/wordpress\/wp-content\/BlogOlivierEzrattyAbonnementemail.jpg\"><img loading=\"lazy\" decoding=\"async\" style=\"display: inline; border-width: 0px;\" title=\"Blog Olivier Ezratty - Abonnement email\" src=\"https:\/\/www.oezratty.net\/wordpress\/wp-content\/BlogOlivierEzrattyAbonnementemail_thumb.jpg\" alt=\"Blog Olivier Ezratty - Abonnement email\" width=\"420\" height=\"252\" \/><\/a><\/p>\n<ul>\n<li><strong>R\u00e9seaux sociaux <\/strong><\/li>\n<\/ul>\n<p>Ils sont tous sous la main dans le menu du site : ma page Facebook, mon profil LinkedIn, mon compte Twitter, mes albums photos sur Photo-Folders, le plugin photo WordPress que j&#8217;ai d\u00e9velopp\u00e9 moi-m\u00eame, quelques vid\u00e9os sur YouTube et pour terminer le flux RSS du site \u00e0 int\u00e9grer dans votre agr\u00e9gateur d\u2019information pr\u00e9f\u00e9r\u00e9. Vous en trouverez un inventaire que j\u2019ai pu r\u00e9aliser il y a quelques temps <a href=\"https:\/\/www.oezratty.net\/wordpress\/2007\/rss-blog-tools-update\/\">sur ce post<\/a>. Vous avez notamment le choix entre agr\u00e9gateurs fonctionnant en mode web comme Google Reader, ou bien des solutions fonctionnant en mode \u201cclient riche\u201d comme Feedreader, que j\u2019utilise depuis 2007.<\/p>\n<p><a href=\"https:\/\/www.oezratty.net\/wordpress\/wp-content\/blog-social-networks.jpg\"><img loading=\"lazy\" decoding=\"async\" class=\"alignnone  wp-image-11475\" src=\"https:\/\/www.oezratty.net\/wordpress\/wp-content\/blog-social-networks.jpg\" alt=\"blog-social-networks\" width=\"334\" height=\"45\" srcset=\"https:\/\/www.oezratty.net\/wordpress\/wp-content\/blog-social-networks.jpg 766w, https:\/\/www.oezratty.net\/wordpress\/wp-content\/blog-social-networks-300x40.jpg 300w\" sizes=\"auto, (max-width: 334px) 100vw, 334px\" \/><\/a><\/p>\n<p>Les articles comprennent un bouton Tweet et Like de Facebook depuis d\u00e9cembre 2010, un bouton LinkedIn et un bouton Google+ depuis juillet 2011. Ce dernier est d\u00e9sactiv\u00e9 si vous naviguez sur ce site \u00e0 partir d&#8217;un smartphone ou d&#8217;une tablette, Google ne le supportant pas dans le web mobile.<\/p>\n<p><a href=\"https:\/\/www.oezratty.net\/wordpress\/wp-content\/Tweet-et-Like.jpg\"><img loading=\"lazy\" decoding=\"async\" class=\"alignnone size-full wp-image-6633\" title=\"Tweet et Like\" src=\"https:\/\/www.oezratty.net\/wordpress\/wp-content\/Tweet-et-Like.jpg\" alt=\"\" width=\"500\" height=\"120\" \/><\/a><\/p>\n<p>A noter de plus que depuis mars 2013, le blog supporte les Twitter Cards qui permettent d&#8217;afficher une image et un petit descriptif textuel des articles dans les flux Twitter lorsque un article est cit\u00e9.<\/p>\n<p><a href=\"https:\/\/www.oezratty.net\/wordpress\/wp-content\/Twitter-cards.jpg\"><img decoding=\"async\" class=\"alignnone size-full wp-image-7721\" src=\"https:\/\/www.oezratty.net\/wordpress\/wp-content\/Twitter-cards.jpg\" alt=\"Twitter cards\" width=\"500\" srcset=\"https:\/\/www.oezratty.net\/wordpress\/wp-content\/Twitter-cards.jpg 902w, https:\/\/www.oezratty.net\/wordpress\/wp-content\/Twitter-cards-300x229.jpg 300w\" sizes=\"(max-width: 902px) 100vw, 902px\" \/><\/a><\/p>\n<p>&nbsp;<\/p>\n<ul>\n<li><strong>Flux RSS<\/strong><\/li>\n<\/ul>\n<p>La liste des cat\u00e9gories permet de s\u2019abonner aux flux RSS pour chacune d\u2019entre elles, mani\u00e8re de suivre s\u00e9lectivement le contenu de ce blog en fonction de vos centres d\u2019int\u00e9r\u00eat.<\/p>\n<p><a href=\"https:\/\/www.oezratty.net\/wordpress\/wp-content\/BlogOlivierEzrattyCategories.jpg\"><img loading=\"lazy\" decoding=\"async\" style=\"display: inline; border-width: 0px;\" title=\"Blog Olivier Ezratty Categories\" src=\"https:\/\/www.oezratty.net\/wordpress\/wp-content\/BlogOlivierEzrattyCategories_thumb.jpg\" alt=\"Blog Olivier Ezratty Categories\" width=\"268\" height=\"507\" border=\"0\" \/><\/a><\/p>\n<p>Au passage, une cat\u00e9gorie est r\u00e9serv\u00e9e aux articles \u00e9crits en anglais. Mais ceux-ci sont rares au vu du lectorat francophone du blog.<\/p>\n<ul>\n<li><strong>Alertes Twitter et Facebook<\/strong><\/li>\n<\/ul>\n<p>En suivant @olivez ou sur mon profil Facebook.<\/p>\n<p>Le flux de mes Tweets ainsi que des Tweets citant @olivez est par ailleurs dans un widget Twitter int\u00e9gr\u00e9 dans la colonne droite du blog.<\/p>\n<p><a href=\"https:\/\/www.oezratty.net\/wordpress\/wp-content\/BlogOlivierEzrattyOpinionsLibresDerniersTweets.jpg.png\"><img loading=\"lazy\" decoding=\"async\" style=\"display: inline; border-width: 0px;\" title=\"Blog Olivier Ezratty Opinions Libres Derniers Tweets.jpg\" src=\"https:\/\/www.oezratty.net\/wordpress\/wp-content\/BlogOlivierEzrattyOpinionsLibresDerniersTweets.jpg_thumb.png\" alt=\"Blog Olivier Ezratty Opinions Libres Derniers Tweets.jpg\" width=\"290\" height=\"337\" \/><\/a><\/p>\n<ul>\n<li><strong>Version mobile du blog<\/strong><\/li>\n<\/ul>\n<p>Ce blog est disponible en version web mobile, op\u00e9rationnelle sur les smartphones du march\u00e9 disposant d\u2019un navigateur Internet. Cela concerne notamment les iPhone, les smartphones sous Android et Windows Mobile.<\/p>\n<p>Les fonctions support\u00e9es sont l\u2019affichage des titres des derniers posts, l\u2019affichage des posts, et l\u2019ajout de commentaires en ligne avec support du captcha. En bas de la page de cette version mobile se trouve un bouton permettant de d\u00e9sactiver cette vue et de basculer vers la vue normale du site. Le plugin photo-folders fonctionne lui aussi en version smartphone avec une interface simplifi\u00e9e.<\/p>\n<p><a href=\"https:\/\/www.oezratty.net\/wordpress\/wp-content\/Opinions-Libres-sur-smartphones.jpg\"><img loading=\"lazy\" decoding=\"async\" class=\"alignnone wp-image-11161\" src=\"https:\/\/www.oezratty.net\/wordpress\/wp-content\/Opinions-Libres-sur-smartphones.jpg\" alt=\"Opinions Libres sur smartphones\" width=\"503\" height=\"277\" \/><\/a><\/p>\n<p>Voil\u00e0 pour la visite ! Enjoy !<\/p>\n<p>Vous pouvez bien entendu me faire d\u2019autres propositions permettant d\u2019am\u00e9liorer le confort d\u2019usage et de lecture de ce blog. Je ferai tout mon possible pour les satisfaire !<\/p>\n","protected":false},"excerpt":{"rendered":"<p>Un blog est un v\u00e9ritable logiciel ! Quand on en prend soin, on l&#8217;enrichit r\u00e9guli\u00e8rement de nouvelles fonctionnalit\u00e9s. C&#8217;est mon cas et avec beaucoup de fait-maison. Appr\u00e9ciant la ma\u00eetrise de l\u2019ensemble des composantes de mon blog, je fais en sorte d\u2019y int\u00e9grer un maximum de nouveaut\u00e9s. Cela comprend l&#8217;ajout de plug-ins mais aussi du d\u00e9veloppement [&hellip;]<\/p>\n","protected":false},"author":1,"featured_media":0,"parent":756,"menu_order":0,"comment_status":"open","ping_status":"open","template":"","meta":{"footnotes":""},"class_list":["post-3528","page","type-page","status-publish","hentry"],"_links":{"self":[{"href":"https:\/\/www.oezratty.net\/wordpress\/wp-json\/wp\/v2\/pages\/3528","targetHints":{"allow":["GET"]}}],"collection":[{"href":"https:\/\/www.oezratty.net\/wordpress\/wp-json\/wp\/v2\/pages"}],"about":[{"href":"https:\/\/www.oezratty.net\/wordpress\/wp-json\/wp\/v2\/types\/page"}],"author":[{"embeddable":true,"href":"https:\/\/www.oezratty.net\/wordpress\/wp-json\/wp\/v2\/users\/1"}],"replies":[{"embeddable":true,"href":"https:\/\/www.oezratty.net\/wordpress\/wp-json\/wp\/v2\/comments?post=3528"}],"version-history":[{"count":0,"href":"https:\/\/www.oezratty.net\/wordpress\/wp-json\/wp\/v2\/pages\/3528\/revisions"}],"up":[{"embeddable":true,"href":"https:\/\/www.oezratty.net\/wordpress\/wp-json\/wp\/v2\/pages\/756"}],"wp:attachment":[{"href":"https:\/\/www.oezratty.net\/wordpress\/wp-json\/wp\/v2\/media?parent=3528"}],"curies":[{"name":"wp","href":"https:\/\/api.w.org\/{rel}","templated":true}]}}