{"id":2526,"date":"2009-08-18T16:25:28","date_gmt":"2009-08-18T15:25:28","guid":{"rendered":"http:\/\/www.oezratty.net\/wordpress\/?page_id=2526"},"modified":"2012-02-26T18:53:49","modified_gmt":"2012-02-26T16:53:49","slug":"abonnement-email","status":"publish","type":"page","link":"https:\/\/www.oezratty.net\/wordpress\/blog\/abonnement-email\/","title":{"rendered":"Abonnement email"},"content":{"rendered":"<p>Vous n&#8217;appr\u00e9ciez pas les lecteurs de flux RSS, vous n&#8217;utilisez pas Twitter ? Voici une solution pour \u00eatre pr\u00e9venus de l&#8217;arriv\u00e9e de nouveaux articles dans ce blog et en recevoir le contenu par mail.<\/p>\n<form name=\"s2form\" method=\"post\"><input type=\"hidden\" name=\"ip\" value=\"216.73.216.9\" \/><span style=\"display:none !important\"><label for=\"firstname\">Leave This Blank:<\/label><input type=\"text\" id=\"firstname\" name=\"firstname\" \/><label for=\"lastname\">Leave This Blank Too:<\/label><input type=\"text\" id=\"lastname\" name=\"lastname\" \/><label for=\"uri\">Do Not Change This:<\/label><input type=\"text\" id=\"uri\" name=\"uri\" value=\"http:\/\/\" \/><\/span><p><label for=\"s2email\">Your email:<\/label><br><input type=\"email\" name=\"email\" id=\"s2email\" value=\"Enter email address...\" size=\"20\" onfocus=\"if (this.value === 'Enter email address...') {this.value = '';}\" onblur=\"if (this.value === '') {this.value = 'Enter email address...';}\" \/><\/p><p><input type=\"submit\" name=\"subscribe\" value=\"Subscribe\" \/>&nbsp;<input type=\"submit\" name=\"unsubscribe\" value=\"Unsubscribe\" \/><\/p><\/form>\r\n\n<p>A noter que cette solution est pour l&#8217;instant \u00e0 l&#8217;\u00e9tat de test et qu&#8217;elle pourrait \u00eatre limit\u00e9e pour le nombre d&#8217;inscrits en fonction de la charge g\u00e9n\u00e9r\u00e9e sur les serveurs et de ce qu&#8217;il est possible de faire chez mon h\u00e9bergeur.<\/p>\n","protected":false},"excerpt":{"rendered":"<p>Vous n&#8217;appr\u00e9ciez pas les lecteurs de flux RSS, vous n&#8217;utilisez pas Twitter ? Voici une solution pour \u00eatre pr\u00e9venus de l&#8217;arriv\u00e9e de nouveaux articles dans ce blog et en recevoir le contenu par mail. Leave This Blank:Leave This Blank Too:Do Not Change This:Your email:&nbsp; A noter que cette solution est pour l&#8217;instant \u00e0 l&#8217;\u00e9tat de [&hellip;]<\/p>\n","protected":false},"author":1,"featured_media":0,"parent":756,"menu_order":0,"comment_status":"closed","ping_status":"closed","template":"","meta":{"footnotes":""},"class_list":["post-2526","page","type-page","status-publish","hentry"],"_links":{"self":[{"href":"https:\/\/www.oezratty.net\/wordpress\/wp-json\/wp\/v2\/pages\/2526","targetHints":{"allow":["GET"]}}],"collection":[{"href":"https:\/\/www.oezratty.net\/wordpress\/wp-json\/wp\/v2\/pages"}],"about":[{"href":"https:\/\/www.oezratty.net\/wordpress\/wp-json\/wp\/v2\/types\/page"}],"author":[{"embeddable":true,"href":"https:\/\/www.oezratty.net\/wordpress\/wp-json\/wp\/v2\/users\/1"}],"replies":[{"embeddable":true,"href":"https:\/\/www.oezratty.net\/wordpress\/wp-json\/wp\/v2\/comments?post=2526"}],"version-history":[{"count":0,"href":"https:\/\/www.oezratty.net\/wordpress\/wp-json\/wp\/v2\/pages\/2526\/revisions"}],"up":[{"embeddable":true,"href":"https:\/\/www.oezratty.net\/wordpress\/wp-json\/wp\/v2\/pages\/756"}],"wp:attachment":[{"href":"https:\/\/www.oezratty.net\/wordpress\/wp-json\/wp\/v2\/media?parent=2526"}],"curies":[{"name":"wp","href":"https:\/\/api.w.org\/{rel}","templated":true}]}}