{"id":24,"date":"2006-05-15T21:20:09","date_gmt":"2006-05-15T19:20:09","guid":{"rendered":"http:\/\/olivier.ezratty.free.fr\/wordpress\/?page_id=24"},"modified":"2014-01-13T09:19:33","modified_gmt":"2014-01-13T07:19:33","slug":"decouverte-de-ulike","status":"publish","type":"page","link":"https:\/\/www.oezratty.net\/wordpress\/startups-accompagnees\/decouverte-de-ulike\/","title":{"rendered":"ulike"},"content":{"rendered":"<p><a href=\"https:\/\/www.oezratty.net\/wordpress\/wp-content\/logoulikenet.jpg\"><img loading=\"lazy\" decoding=\"async\" style=\"margin: 0px 15px 15px 0px; border-width: 0px;\" title=\"logo ulike.net\" alt=\"logo ulike.net\" src=\"https:\/\/www.oezratty.net\/wordpress\/wp-content\/logoulikenet-thumb.jpg\" width=\"200\" height=\"84\" align=\"left\" border=\"0\" \/><\/a><a title=\"Site de ulike\" href=\"http:\/\/fr.ulike.net\">ulike<\/a> est un site de recommandations culturelles cr\u00e9\u00e9e en 2006 par deux jeunes HEC, Rapha\u00ebl Labb\u00e9 et Mathieu L\u00e9ronde.<\/p>\n<p>Il s\u2019agit d\u2019une encyclop\u00e9die collaborative et d\u2019un moteur de recommandations qui couvre tout le champs du divertissement et de la culture : livres, disques, films, villes, sites web ou autres biens culturels. Le site permet de noter les objets que l\u2019on aime ou l\u2019on n\u2019aime pas, d\u2019en cr\u00e9er, de les commenter et d\u2019obtenir des suggestions. Mais cela ne s\u2019arr\u00eate pas l\u00e0 puisque l\u2019on peut \u00e0 la fois identifier ses amis et se faire de nouveaux amis, sugg\u00e9r\u00e9s par le syst\u00e8me en fonction de la correspondance de vos go\u00fbts. On peut identifier ses \u201cjumeaux\u201d ayant des go\u00fbts similaires. On ainsi l\u00e0 un r\u00e9seau social riche bas\u00e9 sur les affinit\u00e9s culturelles. Le site permet aussi de recevoir une newsletter d&#8217;articles sur les artistes et oeuvres que vous aimez et qui sont dans l&#8217;actualit\u00e9.<\/p>\n<p><a href=\"https:\/\/www.oezratty.net\/wordpress\/wp-content\/OlivezsurUlike.net_.jpg\"><img loading=\"lazy\" decoding=\"async\" style=\"display: inline; border-width: 0px;\" title=\"Olivez sur Ulike.net\" alt=\"Olivez sur Ulike.net\" src=\"https:\/\/www.oezratty.net\/wordpress\/wp-content\/OlivezsurUlike.net_thumb.jpg\" width=\"383\" height=\"390\" border=\"0\" \/><\/a><\/p>\n<p>Leur site comprenait une base de plus de 445 000 objets et de 7,8 millions de notes en date d\u2019avril 2010, validant la pertinence de leur mod\u00e8le statistique de suggestion s\u2019appuyant \u00e0 la fois sur la notion d&#8217;affinit\u00e9 et de similaires. Leur mod\u00e8le est con\u00e7u de fa\u00e7on \u00e0 fonctionner correctement sur plusieurs pays, langues et cultures. L\u2019audience du site a franchi la barre du million de visiteurs uniques par mois d\u00e9but 2010.<\/p>\n<p>Le site est partenaire de plus de 550 blogs dans le domaine culturel. Il accompagne de plus les entreprises du secteur culturel dans leur d\u00e9veloppement en ligne avec la r\u00e9alisation d\u2019op\u00e9rations pour Armand Colin, Naive, Jive Epic et notamment les \u201c<a href=\"http:\/\/chroniquesdelarentreelitteraire.com\/\">Chroniques de la rentr\u00e9e litt\u00e9raire<\/a>\u201d avec le premier grand prix litt\u00e9raire du web.<\/p>\n<p>La soci\u00e9t\u00e9 de Rapha\u00ebl et Mathieu s&#8217;appelle Technologues Culturels. Elle a \u00e9t\u00e9 financ\u00e9e au d\u00e9part par quelques business angels dont je fais partie, tout en \u00e9tant dans leur board qui compte \u00e9galement <a href=\"http:\/\/fr.wikipedia.org\/wiki\/Jean-Louis_Missika\">Jean-Louis Missika<\/a> (sociologue, auteur et consultant, et depuis mars 2008, Maire Adjoint de la Ville de Paris en charge de l&#8217;Innovation, de l&#8217;Enseignement Sup\u00e9rieur et de la Recherche) et <a href=\"http:\/\/www.vcm.de\/en\/company\/team\/detail2.htm?itemid=6\">Pascal Feucher<\/a>, Directeur de VCM Capital Management Paris et business angels de Photoways \u00e0 ses d\u00e9buts.<\/p>\n<p>Le 31 mars 2011, Ulike.net a \u00e9t\u00e9 acquis par le groupe L\u2019Express Roularta. Ce dernier devait int\u00e9grer la base de Ulike.net dans son site web, et notamment pour enrichir ses pages li\u00e9es \u00e0 la culture. Rapha\u00ebl Labb\u00e9 a int\u00e9gr\u00e9 le 4 avril 2011 les \u00e9quipes digitales du groupe L\u2019Express pour mener cette int\u00e9gration. Le site Ulike a \u00e9t\u00e9 depuis compl\u00e8tement ferm\u00e9.<\/p>\n<p><span style=\"text-decoration: underline;\">Contact<\/span>: Rapha\u00ebl Labb\u00e9, (06) 61 81 68 08.<\/p>\n","protected":false},"excerpt":{"rendered":"<p>ulike est un site de recommandations culturelles cr\u00e9\u00e9e en 2006 par deux jeunes HEC, Rapha\u00ebl Labb\u00e9 et Mathieu L\u00e9ronde. Il s\u2019agit d\u2019une encyclop\u00e9die collaborative et d\u2019un moteur de recommandations qui couvre tout le champs du divertissement et de la culture : livres, disques, films, villes, sites web ou autres biens culturels. Le site permet de [&hellip;]<\/p>\n","protected":false},"author":1,"featured_media":0,"parent":39,"menu_order":0,"comment_status":"open","ping_status":"open","template":"","meta":{"footnotes":""},"class_list":["post-24","page","type-page","status-publish","hentry"],"_links":{"self":[{"href":"https:\/\/www.oezratty.net\/wordpress\/wp-json\/wp\/v2\/pages\/24","targetHints":{"allow":["GET"]}}],"collection":[{"href":"https:\/\/www.oezratty.net\/wordpress\/wp-json\/wp\/v2\/pages"}],"about":[{"href":"https:\/\/www.oezratty.net\/wordpress\/wp-json\/wp\/v2\/types\/page"}],"author":[{"embeddable":true,"href":"https:\/\/www.oezratty.net\/wordpress\/wp-json\/wp\/v2\/users\/1"}],"replies":[{"embeddable":true,"href":"https:\/\/www.oezratty.net\/wordpress\/wp-json\/wp\/v2\/comments?post=24"}],"version-history":[{"count":0,"href":"https:\/\/www.oezratty.net\/wordpress\/wp-json\/wp\/v2\/pages\/24\/revisions"}],"up":[{"embeddable":true,"href":"https:\/\/www.oezratty.net\/wordpress\/wp-json\/wp\/v2\/pages\/39"}],"wp:attachment":[{"href":"https:\/\/www.oezratty.net\/wordpress\/wp-json\/wp\/v2\/media?parent=24"}],"curies":[{"name":"wp","href":"https:\/\/api.w.org\/{rel}","templated":true}]}}