{"id":23702,"date":"2025-03-24T21:55:43","date_gmt":"2025-03-24T20:55:43","guid":{"rendered":"https:\/\/www.oezratty.net\/wordpress\/?page_id=23702"},"modified":"2026-02-13T10:47:46","modified_gmt":"2026-02-13T09:47:46","slug":"videos","status":"publish","type":"page","link":"https:\/\/www.oezratty.net\/wordpress\/videos\/","title":{"rendered":"Videos"},"content":{"rendered":"<p>Here are some recent videos of my talks on quantum technologies.<\/p>\n<p><strong>2026<\/strong><\/p>\n<ul>\n<li>Webinar <a href=\"https:\/\/www.youtube.com\/watch?v=NnfffiJYuvk\">The energetic challenges of fault-tolerant quantum computers<\/a>, along with Yasser Omar from PQI and Quantum Green Computing.<\/li>\n<\/ul>\n<p><iframe loading=\"lazy\" title=\"YouTube video player\" src=\"https:\/\/www.youtube.com\/embed\/NnfffiJYuvk?si=e2YKr2aCpJQIltbw\" width=\"560\" height=\"315\" frameborder=\"0\" allowfullscreen=\"allowfullscreen\"><\/iframe><\/p>\n<p><strong>2025<\/strong><\/p>\n<ul>\n<li>Talk <a href=\"https:\/\/www.youtube.com\/watch?v=QB1jdWuIi1g\">The energetic challenges of FTQC<\/a> at the Q2B Santa Clara in December 2025 (23 mn) (<a href=\"https:\/\/www.oezratty.net\/Files\/Conferences\/Olivier%20Ezratty%20Q2B%20SV%20FTQC%20Energetics%20Dec2025.pdf\">slides<\/a>).<\/li>\n<\/ul>\n<p><iframe loading=\"lazy\" title=\"YouTube video player\" src=\"https:\/\/www.youtube.com\/embed\/QB1jdWuIi1g?si=1WuF5iL68pgN8REm\" width=\"560\" height=\"315\" frameborder=\"0\" allowfullscreen=\"allowfullscreen\"><\/iframe><\/p>\n<ul>\n<li>Keynote <a href=\"https:\/\/www.youtube.com\/watch?v=H-BxujEJfjc&amp;list=PLh7C25oO7PW209STGTJOXRDbidmUO-FWu&amp;index=41\">How to analyze quantum computing use cases<\/a> at the Q2B Santa Clara in December 2025 (20 mn) (<a href=\"https:\/\/www.oezratty.net\/Files\/Conferences\/Olivier%20Ezratty%20Q2B%20SV%20Case%20Studies%20Dec2025.pdf\">slides<\/a>).<\/li>\n<\/ul>\n<p><iframe loading=\"lazy\" title=\"YouTube video player\" src=\"https:\/\/www.youtube.com\/embed\/H-BxujEJfjc?si=OwyMEdTDRAwPAVpT\" width=\"560\" height=\"315\" frameborder=\"0\" allowfullscreen=\"allowfullscreen\"><\/iframe><\/p>\n<ul>\n<li>Panel sur l&#8217;IA et le calcul quantique organis\u00e9 au SIDO \u00e0 Lyon le 17 septembre 2025 <a href=\"https:\/\/www.youtube.com\/watch?v=HldA3KZNGxM\">(vid\u00e9o)<\/a> avec F\u00e9lix Givois (GENCI), Salvatore Cina (CEA), Filippo Vicentini (Coll\u00e8ge de France, Ecole Polytechnique), Giovanni Lammana (Laboratoire d&#8217;Annecy de Physique des Particules), anim\u00e9 par Julien Bergouhnoux (Usine Digitale).<\/li>\n<\/ul>\n<p><iframe loading=\"lazy\" title=\"YouTube video player\" src=\"https:\/\/www.youtube.com\/embed\/HldA3KZNGxM?si=ooerVHZuEiIogCI8\" width=\"560\" height=\"315\" frameborder=\"0\" allowfullscreen=\"allowfullscreen\"><\/iframe><\/p>\n<ul>\n<li>My keynote on <a href=\"https:\/\/www.youtube.com\/embed\/PypD9u-Iaz8?si=L3RXUJjeel4hAeUm\">How to analyze quantum computing use cases<\/a> at France Quantum on June, 10th, 2025 (30 mn). And the <a href=\"https:\/\/www.oezratty.net\/Files\/Conferences\/Olivier%20Ezratty%20France%20Quantum%20June2025.pdf\">slides<\/a>.<\/li>\n<\/ul>\n<p><iframe loading=\"lazy\" title=\"YouTube video player\" src=\"https:\/\/www.youtube.com\/embed\/PypD9u-Iaz8?si=L3RXUJjeel4hAeUm\" width=\"560\" height=\"315\" frameborder=\"0\" allowfullscreen=\"allowfullscreen\"><span data-mce-type=\"bookmark\" style=\"display: inline-block; width: 0px; overflow: hidden; line-height: 0;\" class=\"mce_SELRES_start\">\ufeff<\/span><\/iframe><\/p>\n<ul>\n<li>Sharing the stage with Thierry Botter, Elham Kashefi and Tommaso Calarco in the <a href=\"https:\/\/www.linkedin.com\/posts\/european-quantum-industry-consortium-quic_world-quantum-day-2025-special-q-wave-activity-7317422879883587586-Sy-z?utm_source=share&amp;utm_medium=member_desktop&amp;rcm=ACoAAAAVgdUB3BosVI5xO_hehYGjYCuwBq1TXaA\">&#8220;World Quantum Day&#8221; episode of Q-Wave<\/a>, April 14th, a series of podcasts produced by the QuiC consortium.<\/li>\n<\/ul>\n<p><iframe loading=\"lazy\" title=\"YouTube video player\" src=\"https:\/\/www.youtube.com\/embed\/DZuMqOvidBU?si=mXbIIBi4VtTJZBNF\" width=\"560\" height=\"315\" frameborder=\"0\" allowfullscreen=\"allowfullscreen\"><\/iframe><\/p>\n<ul>\n<li>In the <a href=\"https:\/\/web.mit.edu\/webcast\/ide\/s25\/quantum\/p\/video\/1.html\">State of quantum computing<\/a> panel at the <strong>Business of Quantum Conference<\/strong> organized on April 4rd, 2025 at the MIT in Cambridge (Massachussetts, USA), along with Carl Dukatz (Accenture), Will Oliver (MIT Center for Quantum Engineering) and Andrew McAfee (co-director MIT IDE) (<a href=\"https:\/\/web.mit.edu\/webcast\/ide\/s25\/quantum\/1\/\">all videos<\/a>).<\/li>\n<\/ul>\n<p><iframe style=\"position: relative; top: 0; left: 0; width: 560px; height: 315px;\" src=\"https:\/\/vimeo.com\/event\/5019885\/embed\" frameborder=\"0\" allowfullscreen=\"allowfullscreen\"><\/iframe><\/p>\n<ul>\n<li>Participation lors de la journ\u00e9e <strong>Tech For Future 2025<\/strong> de La Tribune \u00e0 un d\u00e9bat avec Valerian Giesz de Quandela et Georges-Olivier Reymond de Pasqal, anim\u00e9 par Marine Protais de la Tribune.<\/li>\n<\/ul>\n<p><iframe loading=\"lazy\" title=\"YouTube video player\" src=\"https:\/\/www.youtube.com\/embed\/eaD2ctZJTZ8?si=txC-n-hRX2x64ce8&amp;start=12140\" width=\"560\" height=\"315\" frameborder=\"0\" allowfullscreen=\"allowfullscreen\"><\/iframe><\/p>\n<ul>\n<li>Talk at the <strong>CERN QT4HEP conference<\/strong> on January 21st 2025 in Geneva, <a href=\"https:\/\/indico.cern.ch\/event\/1433194\/contributions\/6244151\/\">Quantum computing roadmaps toward fault-tolerance<\/a>.<\/li>\n<\/ul>\n<p><iframe loading=\"lazy\" src=\"https:\/\/cds.cern.ch\/video\/2922148?\" width=\"560\" height=\"315\" frameborder=\"0\" allowfullscreen=\"allowfullscreen\"><span data-mce-type=\"bookmark\" style=\"display: inline-block; width: 0px; overflow: hidden; line-height: 0;\" class=\"mce_SELRES_start\">\ufeff<\/span><\/iframe><\/p>\n<ul>\n<li>My talk at the <strong>Quantum Energy Initiative Workshop<\/strong> in Grenoble, on January 7th, <a href=\"https:\/\/www.oezratty.net\/Files\/Conferences\/Olivier%20Ezratty%20QEI%20Workshop%20Jan2025.pdf\">Quantum computing roadmaps and their energetics aspects<\/a> (39 slides).<\/li>\n<\/ul>\n<p><iframe loading=\"lazy\" title=\"YouTube video player\" src=\"https:\/\/www.youtube.com\/embed\/rUcPLZeZxG0?si=Ep0PzmwWrmck-6o_\" width=\"560\" height=\"315\" frameborder=\"0\" allowfullscreen=\"allowfullscreen\"><\/iframe><\/p>\n<ul>\n<li>I moderated the <strong>Industry round table<\/strong> of the Quantum Energy Initiative 2025 Workship with representatives from IBM Quantum, Quobly, EDF, Quandela, Qilimanjaro and Pasqal.<\/li>\n<\/ul>\n<p><iframe loading=\"lazy\" title=\"YouTube video player\" src=\"https:\/\/www.youtube.com\/embed\/bEyIVvwB7qs?si=7rWjdGYrfR9HS_Ci\" width=\"560\" height=\"315\" frameborder=\"0\" allowfullscreen=\"allowfullscreen\"><\/iframe><\/p>\n<p><strong>2024<\/strong><\/p>\n<ul>\n<li>Participating to the <a href=\"https:\/\/www.youtube.com\/watch?v=QLCSSkL-l7s\">QRL Post-Quantum Panel with Olivier Ezratty &amp; Dr. Bob Sutor | Episode #3<\/a> in December 2024 with Michael Strike and Ryan Malinowski.<\/li>\n<\/ul>\n<p><iframe loading=\"lazy\" title=\"YouTube video player\" src=\"https:\/\/www.youtube.com\/embed\/QLCSSkL-l7s?si=cizh-oWxVFpvMYjP\" width=\"560\" height=\"315\" frameborder=\"0\" allowfullscreen=\"allowfullscreen\"><\/iframe><\/p>\n<ul>\n<li>Participating to the <strong>Q-Forum podcast<\/strong> in December 2024: <a href=\"https:\/\/www.youtube.com\/watch?v=0a0Nd2Nls9A\">2nd Forum-Q: Is Quantum Knowledge Necessary For Quantum Computing<\/a>.<\/li>\n<\/ul>\n<p><iframe loading=\"lazy\" title=\"YouTube video player\" src=\"https:\/\/www.youtube.com\/embed\/0a0Nd2Nls9A?si=rcZ1ZpGPQ24qWTf2\" width=\"560\" height=\"315\" frameborder=\"0\" allowfullscreen=\"allowfullscreen\"><\/iframe><\/p>\n<ul>\n<li>Participated to the panel <a href=\"https:\/\/mediatheque.lindau-nobel.org\/recordings\/42172\/potential-and-hype-in-quantum-technology-where-are-we-headed\">Potential and Hype in Quantum Technology: Where Are We Headed?<\/a> at the <strong>Lindau Nobel Laureate Meetings<\/strong> in July 2024.<\/li>\n<li><strong>TEDx Mines Nancy<\/strong> talk on <a href=\"https:\/\/www.youtube.com\/watch?v=MApseYx2kqE\">L&#8217;informatique quantique, un immense d\u00e9fi technologique<\/a> in May 2024 (in French).<\/li>\n<\/ul>\n<p><iframe loading=\"lazy\" title=\"YouTube video player\" src=\"https:\/\/www.youtube.com\/embed\/MApseYx2kqE?si=0fKfCj-QXTHz1mMI\" width=\"560\" height=\"315\" frameborder=\"0\" allowfullscreen=\"allowfullscreen\"><\/iframe><\/p>\n<ul>\n<li>Intervention sur l&#8217;IA et le quantique \u00e0 <strong>France Quantum<\/strong> le 21 mai 2024.<\/li>\n<\/ul>\n<p><iframe loading=\"lazy\" title=\"YouTube video player\" src=\"https:\/\/www.youtube.com\/embed\/vcdXJCm9-MI?si=q4XpdsVWml7AxKZ9\" width=\"560\" height=\"315\" frameborder=\"0\" allowfullscreen=\"allowfullscreen\"><\/iframe><\/p>\n<ul>\n<li>At the <strong>Q2B Paris<\/strong> conference on quantum error correction and FTQC (<a href=\"https:\/\/www.oezratty.net\/Files\/Conferences\/Olivier%20Ezratty%20Q2B%20from%20QEC%20to%20FTQC%20Mar2024.pdf\">slides<\/a>) on March 8th 2024.<\/li>\n<\/ul>\n<p><iframe loading=\"lazy\" title=\"YouTube video player\" src=\"https:\/\/www.youtube.com\/embed\/8svJ6VtHeGs?si=CUY50p2JoJC7gXgA\" width=\"560\" height=\"315\" frameborder=\"0\" allowfullscreen=\"allowfullscreen\"><\/iframe><\/p>\n<p><strong>2023<\/strong><\/p>\n<ul>\n<li>At the Q2B Paris conference in May 2023 about the <strong>Quantum Energy Initiative<\/strong>.<\/li>\n<\/ul>\n<p><iframe loading=\"lazy\" title=\"YouTube video player\" src=\"https:\/\/www.youtube.com\/embed\/nmtSMxVhWxc?si=vavnHvzOSUSQKDBj\" width=\"560\" height=\"315\" frameborder=\"0\" allowfullscreen=\"allowfullscreen\"><\/iframe><\/p>\n<ul>\n<li><a href=\"https:\/\/www.youtube.com\/watch?v=PkOXCeIH5Wg&amp;list=PL2d69B7LviXE5N_Y8sH6OuZepVFdR3fbe&amp;index=6&amp;t=3220s\">Quantum computing &#8211; State of the art and perspective<\/a> (1h) during the Emerging Optimization seminar organized at Troyes, France, in Avril 2023.<\/li>\n<\/ul>\n<p><iframe loading=\"lazy\" title=\"YouTube video player\" src=\"https:\/\/www.youtube.com\/embed\/PkOXCeIH5Wg?si=MbPPstX881iJkxZG\" width=\"560\" height=\"315\" frameborder=\"0\" allowfullscreen=\"allowfullscreen\"><\/iframe><\/p>\n<ul>\n<li>Discussion with Joannes Vermorel, CEO of Lokad, <a href=\"https:\/\/www.youtube.com\/watch?v=9jZyAIY5wV0\">Quantum Computing and Enterprise Software (with Olivier Ezratty) &#8211; Ep 142<\/a>, March 2023 (1h51).<\/li>\n<\/ul>\n<p><iframe loading=\"lazy\" title=\"YouTube video player\" src=\"https:\/\/www.youtube.com\/embed\/9jZyAIY5wV0?si=ni6Ur-rmKXvdtwY3\" width=\"560\" height=\"315\" frameborder=\"0\" allowfullscreen=\"allowfullscreen\"><\/iframe><\/p>\n<ul>\n<li>Intervention de deux heures dans les <strong>Mardis de l&#8217;Innovation<\/strong> organis\u00e9s par Marc Giget, et en compagnie de Pierre Metivier pour les questions\/r\u00e9ponses, <a href=\"https:\/\/www.youtube.com\/watch?v=jLmzURFYlxQ\">L\u2019informatique quantique : Situation et perspectives applicatives<\/a>, le 13 f\u00e9vrier 2023.<\/li>\n<\/ul>\n<p><iframe loading=\"lazy\" title=\"YouTube video player\" src=\"https:\/\/www.youtube.com\/embed\/jLmzURFYlxQ?si=LH_zN6WXQv9_Y-ly\" width=\"560\" height=\"315\" frameborder=\"0\" allowfullscreen=\"allowfullscreen\"><\/iframe><\/p>\n","protected":false},"excerpt":{"rendered":"<p>Here are some recent videos of my talks on quantum technologies. 2026 Webinar The energetic challenges of fault-tolerant quantum computers, along with Yasser Omar from PQI and Quantum Green Computing. 2025 Talk The energetic challenges of FTQC at the Q2B Santa Clara in December 2025 (23 mn) (slides). Keynote How to analyze quantum computing use [&hellip;]<\/p>\n","protected":false},"author":1,"featured_media":0,"parent":0,"menu_order":0,"comment_status":"closed","ping_status":"closed","template":"","meta":{"footnotes":""},"class_list":["post-23702","page","type-page","status-publish","hentry"],"_links":{"self":[{"href":"https:\/\/www.oezratty.net\/wordpress\/wp-json\/wp\/v2\/pages\/23702","targetHints":{"allow":["GET"]}}],"collection":[{"href":"https:\/\/www.oezratty.net\/wordpress\/wp-json\/wp\/v2\/pages"}],"about":[{"href":"https:\/\/www.oezratty.net\/wordpress\/wp-json\/wp\/v2\/types\/page"}],"author":[{"embeddable":true,"href":"https:\/\/www.oezratty.net\/wordpress\/wp-json\/wp\/v2\/users\/1"}],"replies":[{"embeddable":true,"href":"https:\/\/www.oezratty.net\/wordpress\/wp-json\/wp\/v2\/comments?post=23702"}],"version-history":[{"count":25,"href":"https:\/\/www.oezratty.net\/wordpress\/wp-json\/wp\/v2\/pages\/23702\/revisions"}],"predecessor-version":[{"id":24478,"href":"https:\/\/www.oezratty.net\/wordpress\/wp-json\/wp\/v2\/pages\/23702\/revisions\/24478"}],"wp:attachment":[{"href":"https:\/\/www.oezratty.net\/wordpress\/wp-json\/wp\/v2\/media?parent=23702"}],"curies":[{"name":"wp","href":"https:\/\/api.w.org\/{rel}","templated":true}]}}