{"id":22,"date":"2006-05-15T20:50:17","date_gmt":"2006-05-15T18:50:17","guid":{"rendered":"http:\/\/olivier.ezratty.free.fr\/wordpress\/?page_id=22"},"modified":"2009-11-26T13:40:10","modified_gmt":"2009-11-26T12:40:10","slug":"decouverte-de-zapmeeting","status":"publish","type":"page","link":"https:\/\/www.oezratty.net\/wordpress\/startups-accompagnees\/decouverte-de-zapmeeting\/","title":{"rendered":"ZapMeeting"},"content":{"rendered":"<p><img decoding=\"async\" id=\"image11\" border=\"10\" hspace=\"20\" alt=\"Logo ZapMeeting\" vspace=\"20\" align=\"left\" src=\"https:\/\/www.oezratty.net\/wordpress\/wp-content\/Logo%20ZapMeeting.png\" width=\"160\" \/> <\/p>\n<p><a title=\"Site de ZapMeeting\" href=\"http:\/\/www.zap-meeting.com\"><strong>ZapMeeting<\/strong><\/a> est un \u00e9diteur de logiciels cr\u00e9\u00e9e en 2006 par Didier Langouet, un ancien commercial de Microsoft \u00e0 Lyon dot\u00e9 d&#8217;un esprit d&#8217;entrepreneuriat sans pareil. Il est bas\u00e9 pr\u00e8s de Lyon.<\/p>\n<p>Sa soci\u00e9t\u00e9 propose des solutions logicielles pour l\u2019affichage dynamique et les pr\u00e9sentations en entreprise.<\/p>\n<p>Zap Meeting a d\u2019abord d\u00e9marr\u00e9 en cr\u00e9ant une s\u00e9rie d\u2019outils destin\u00e9s \u00e0 am\u00e9liorer l\u2019efficacit\u00e9 du pr\u00e9sentateur dans les entreprises (<strong>z-Pod, z-Soft Pilot<\/strong>). A la demande de ses grands clients, il s\u2019est ensuite focalis\u00e9 sur l\u2019ext\u00e9rieur des salles de r\u00e9union pour am\u00e9liorer l\u2019information du public, des visiteurs et des clients, avec son offre <strong>z-information<\/strong>. Cette solution vise \u00e0 remplacer l\u2019affichage papier traditionnel dans les lieux de passage (commerce, collectivit\u00e9s, entreprises, centres de s\u00e9minaires, \u00e9ducation) par de l\u2019affichage dynamique sur \u00e9crans plats. Le tout s\u2019appuyant sur une solution logicielle \u00e9l\u00e9gante en mode SaaS et \u00e0 base de technologies web.<\/p>\n<p><strong>L\u2019offre pour les r\u00e9unions<\/strong><\/p>\n<p>Elle comprend des solutions facilitant la d\u00e9livrance de pr\u00e9sentations dans les entreprises : <\/p>\n<ul>\n<li>Le <strong>z-Soft Pilot<\/strong>, un logiciel tournant sous Windows qui permet l&#8217;enchainement des composantes d&#8217;une pr\u00e9sentation et son d\u00e9roulement sans \u00eatre fig\u00e9 derri\u00e8re son \u00e9cran de laptop. Il est associ\u00e9 \u00e0 une t\u00e9l\u00e9commande gyroscopique permettant de piloter \u00e0 la main le curseur \u00e0 l&#8217;\u00e9cran. C\u2019est une solution pr\u00eate \u00e0 l&#8217;emploi permettant \u00e0 tous les pr\u00e9sentateurs et organisateurs de r\u00e9unions de gagner \u00e9norm\u00e9ment de temps dans la pr\u00e9paration des r\u00e9unions ainsi que dans leur d\u00e9livrance. <\/li>\n<li>Le <strong>z-Pod<\/strong>, une sorte de &quot;droide&quot; ambulant qui contient un laptop, un projecteur vid\u00e9o, un caisson de basses et des enceintes hifi, le tout sur roulettes. L&#8217;ensemble n&#8217;a qu&#8217;un fil \u00e0 la patte et se branche directement sur le secteur. Avec cela, il ne reste plus qu&#8217;\u00e0 trouver un \u00e9cran ou un mur blanc et le tour est jou\u00e9 pour lancer sa pr\u00e9sentation. L&#8217;ensemble est adapt\u00e9 aux salles de r\u00e9union qui ne b\u00e9n\u00e9ficient pas d&#8217;un \u00e9quipement fixe. <\/li>\n<li>Le <strong>z-Pod case<\/strong>, une valise tout-en-un regroupant un vid\u00e9oprojecteur, un PC , du son et le logiciel z-Soft Pilot et sa t\u00e9l\u00e9commande gyroscopique (<a href=\"http:\/\/zap-meeting.com\/spip.php?article29\">plus d\u2019informations<\/a>)<a href=\"http:\/\/zap-meeting.com\/spip.php?article29\">.<\/a> <\/li>\n<\/ul>\n<p><strong>L\u2019offre d\u2019affichage dynamique<\/strong><\/p>\n<ul>\n<li>Le logiciel <strong>z-information <\/strong>pilote \u00e0 distance l\u2019affichage d\u2019informations dynamiques sur des \u00e9crans plats. Il permet la mise en place d\u2019une signal\u00e9tique dynamique pour mieux informer, vendre plus et faire patienter. Par exemple, pour orienter les participants aux s\u00e9minaires dans un centre de conf\u00e9rences, pr\u00e9senter les menus d\u2019un restaurant, ou faire patienter le public dans les commerces et les collectivit\u00e9s. Au sein d\u2019un march\u00e9 dont l\u2019offre est tr\u00e8s fragment\u00e9e, la solution se distingue par son architecture simple, efficace et robuste qui s\u2019appuie sur une v\u00e9ritable architecture \u00e0 base de client l\u00e9ger tournant avec un navigateur Web. De nombreuses offres concurrentes sont \u00e0 base de logiciel client lourd et de synchronisation de fichiers. z-information peut se combiner avec les outils de mesure de la performance d\u2019affichage dynamique de <a href=\"http:\/\/www.quividi.com\/fr\/\">Quividi<\/a>, une autre startup cr\u00e9\u00e9e par un ancien de Microsoft, Olivier Duizabo.<\/li>\n<\/ul>\n<p>ZapMeeting commercialise ses produits via son site Web, une force de vente grands comptes et le grossiste sp\u00e9cialis\u00e9 Sidel avec son r\u00e9seau de 800 revendeurs \u00e0 valeur ajout\u00e9e. Il compte Sodexo parmis ses premiers clients.<\/p>\n<p>Du c\u00f4t\u00e9 de son d\u00e9veloppement, ZapMeeting a \u00e9t\u00e9 soutenu par quelques business angels dont je fais partie. La soci\u00e9t\u00e9 a \u00e9galement b\u00e9n\u00e9fici\u00e9 de financements r\u00e9gionaux et d&#8217;une aide Os\u00e9o. Depuis 2009, ZapMeeting est une filiale de WinSoft, un \u00e9diteur de logiciel fran\u00e7ais pr\u00e9sent dans 44 pays, ce qui a permis de financer sa croissance.<\/p>\n<p><u>Contact<\/u>: Didier Langouet, PDG, 06 63 47 12 21, 04 72 31 11 87 et <a title=\"Mail de Didier Langouet\" href=\"mailto:dl@zap-meeting.com\">dl@zap-meeting.com<\/a>.<\/p>\n<p><em>Page mise \u00e0 jour le 26 novembre 2009<\/em><\/p>\n","protected":false},"excerpt":{"rendered":"<p>ZapMeeting est un \u00e9diteur de logiciels cr\u00e9\u00e9e en 2006 par Didier Langouet, un ancien commercial de Microsoft \u00e0 Lyon dot\u00e9 d&#8217;un esprit d&#8217;entrepreneuriat sans pareil. Il est bas\u00e9 pr\u00e8s de Lyon. Sa soci\u00e9t\u00e9 propose des solutions logicielles pour l\u2019affichage dynamique et les pr\u00e9sentations en entreprise. Zap Meeting a d\u2019abord d\u00e9marr\u00e9 en cr\u00e9ant une s\u00e9rie d\u2019outils [&hellip;]<\/p>\n","protected":false},"author":1,"featured_media":0,"parent":39,"menu_order":0,"comment_status":"open","ping_status":"open","template":"","meta":{"footnotes":""},"class_list":["post-22","page","type-page","status-publish","hentry"],"_links":{"self":[{"href":"https:\/\/www.oezratty.net\/wordpress\/wp-json\/wp\/v2\/pages\/22","targetHints":{"allow":["GET"]}}],"collection":[{"href":"https:\/\/www.oezratty.net\/wordpress\/wp-json\/wp\/v2\/pages"}],"about":[{"href":"https:\/\/www.oezratty.net\/wordpress\/wp-json\/wp\/v2\/types\/page"}],"author":[{"embeddable":true,"href":"https:\/\/www.oezratty.net\/wordpress\/wp-json\/wp\/v2\/users\/1"}],"replies":[{"embeddable":true,"href":"https:\/\/www.oezratty.net\/wordpress\/wp-json\/wp\/v2\/comments?post=22"}],"version-history":[{"count":0,"href":"https:\/\/www.oezratty.net\/wordpress\/wp-json\/wp\/v2\/pages\/22\/revisions"}],"up":[{"embeddable":true,"href":"https:\/\/www.oezratty.net\/wordpress\/wp-json\/wp\/v2\/pages\/39"}],"wp:attachment":[{"href":"https:\/\/www.oezratty.net\/wordpress\/wp-json\/wp\/v2\/media?parent=22"}],"curies":[{"name":"wp","href":"https:\/\/api.w.org\/{rel}","templated":true}]}}