{"id":2,"date":"2006-05-10T18:50:56","date_gmt":"2006-05-10T16:50:56","guid":{"rendered":"http:\/\/www.oezratty.net\/wordpress\/bio\/about\/"},"modified":"2025-03-25T11:07:06","modified_gmt":"2025-03-25T10:07:06","slug":"about","status":"publish","type":"page","link":"https:\/\/www.oezratty.net\/wordpress\/bio\/about\/","title":{"rendered":"Mes activit\u00e9s en bref"},"content":{"rendered":"<p>Je suis <strong>consultant et auteur ind\u00e9pendant<\/strong> avec une activit\u00e9 tr\u00e8s diversifi\u00e9e de conseil, s\u00e9minaires, formations, expertises et veille technologique pour le secteur public et le secteur priv\u00e9. Depuis 2018, je suis sp\u00e9cialis\u00e9 dans les <strong>technologies quantiques<\/strong> apr\u00e8s avoir explor\u00e9 de nombreux autres domaines comme la TV num\u00e9rique, les objets connect\u00e9s, les medtechs et l&#8217;intelligence artificielle.<\/p>\n<p>Je publie des contenus en open source, notamment des ebooks de d\u00e9couverte \u00e0 360\u00b0 de th\u00e9matiques comme les <a href=\"https:\/\/www.oezratty.net\/wordpress\/2021\/understanding-quantum-technologies-2021\/\">technologies quantiques<\/a>, l&#8217;<a href=\"https:\/\/www.oezratty.net\/wordpress\/2021\/usages-intelligence-artificielle-2021\/\">IA<\/a> et l&#8217;<a href=\"https:\/\/www.oezratty.net\/wordpress\/2019\/guide-des-startups-2019\/\">entrepreneuriat<\/a>. J&#8217;ai aussi publi\u00e9 entre 2006 et 2020 quinze <a href=\"https:\/\/www.oezratty.net\/wordpress\/2020\/rapport-ces-2020\/\">rapports du CES de Las Vegas<\/a>. J&#8217;ai compl\u00e9t\u00e9 cela avec <a href=\"https:\/\/www.oezratty.net\/wordpress\/podcasts-quantiques\/\">deux s\u00e9ries de podcasts<\/a> sur le quantique que je coanime avec <strong>Fanny Bouton <\/strong>depuis respectivement 2019 et 2020. Je pr\u00e9cise \u00e0 bons entendeurs que je ne suis pas un journaliste comme certains ont tendance \u00e0 le croire.<\/p>\n<p>Je suis cofondateur avec Alexia Auff\u00e8ves (CNRS MajuLab Singapour) et Robert Whitney (CNRS LPMMC Grenoble) de la <a href=\"https:\/\/quantum-energy-initiative.org\/\">Quantum Energy Initiative<\/a> lanc\u00e9e en ao\u00fbt 2022 qui vise \u00e0 coordonner la recherche et les d\u00e9veloppements des technologies quantiques en int\u00e9grant le plus en amont possible la question de leur empreinte environnementale.<\/p>\n<p>Ing\u00e9nieur Centrale Paris, j&#8217;ai avant cela acquis une double exp\u00e9rience dans le <strong>d\u00e9veloppement<\/strong> <strong>logiciel<\/strong> (chez Sogitec) ainsi que dans le <strong>marketing<\/strong> (chez Microsoft France). J&#8217;ai \u00e9t\u00e9 notamment Directeur Marketing et Communication ainsi que le Directeur de la Division D\u00e9veloppeurs et Plate-Forme d&#8217;Entreprise, en charge des relations d\u00e9veloppeurs, enseignement sup\u00e9rieur et startups).<\/p>\n<p>Je suis aussi le co-auteur de l\u2019initiative \u00ab\u00a0<strong>Quelques Femmes du Num\u00e9rique\u00a0!<\/strong> \u00bb (<a href=\"http:\/\/www.qfdn.net\">http:\/\/www.qfdn.net<\/a>), devenue association 1901 en 2016. J&#8217;y ai r\u00e9alis\u00e9 plus de 800 portraits de &#8220;role models&#8221; f\u00e9minins du num\u00e9rique entre 2011 et 2023.<\/p>\n<p>Vous trouverez une\u00a0biographie plus d\u00e9taill\u00e9e en <a href=\"https:\/\/www.oezratty.net\/wordpress\/bio\/\">fran\u00e7ais<\/a> ainsi qu\u2019en <a href=\"https:\/\/www.oezratty.net\/wordpress\/bio\/bio-english\/\">anglais<\/a>.<\/p>\n<p>Quatre moyens pour rester en contact : <a href=\"https:\/\/www.oezratty.net\">https:\/\/www.oezratty.net<\/a>, olivier(at)oezratty.net, +33 6 67 37 92 41 et <a href=\"https:\/\/twitter.com\/#!\/olivez\">@olivez<\/a> sur Twitter.<\/p>\n<p>Voici quelques photos r\u00e9utilisables. Cliquez dessus pour r\u00e9cup\u00e9rer une version haute d\u00e9finition dans votre navigateur :<\/p>\n<p><a href=\"https:\/\/www.oezratty.net\/wordpress\/wp-content\/Olivier-Ezratty-credit-Franck-Disegni-Square.jpg\"><img loading=\"lazy\" decoding=\"async\" width=\"999\" height=\"1024\" class=\"alignnone wp-image-23713\" style=\"height: 134px;\" src=\"https:\/\/www.oezratty.net\/wordpress\/wp-content\/Olivier-Ezratty-credit-Franck-Disegni-Square-999x1024.jpg\" alt=\"\" srcset=\"https:\/\/www.oezratty.net\/wordpress\/wp-content\/Olivier-Ezratty-credit-Franck-Disegni-Square-999x1024.jpg 999w, https:\/\/www.oezratty.net\/wordpress\/wp-content\/Olivier-Ezratty-credit-Franck-Disegni-Square-293x300.jpg 293w, https:\/\/www.oezratty.net\/wordpress\/wp-content\/Olivier-Ezratty-credit-Franck-Disegni-Square-768x788.jpg 768w, https:\/\/www.oezratty.net\/wordpress\/wp-content\/Olivier-Ezratty-credit-Franck-Disegni-Square.jpg 1140w\" sizes=\"auto, (max-width: 999px) 100vw, 999px\" \/><\/a> <a href=\"https:\/\/www.oezratty.net\/wordpress\/wp-content\/Olivier-Ezratty-credit-Franck-Disegni-4.jpg\">\u00a0 <img loading=\"lazy\" decoding=\"async\" width=\"684\" height=\"1024\" class=\"alignnone wp-image-23715\" style=\"height: 134px;\" src=\"https:\/\/www.oezratty.net\/wordpress\/wp-content\/Olivier-Ezratty-credit-Franck-Disegni-4-684x1024.jpg\" alt=\"\" srcset=\"https:\/\/www.oezratty.net\/wordpress\/wp-content\/Olivier-Ezratty-credit-Franck-Disegni-4-684x1024.jpg 684w, https:\/\/www.oezratty.net\/wordpress\/wp-content\/Olivier-Ezratty-credit-Franck-Disegni-4-200x300.jpg 200w, https:\/\/www.oezratty.net\/wordpress\/wp-content\/Olivier-Ezratty-credit-Franck-Disegni-4-768x1150.jpg 768w, https:\/\/www.oezratty.net\/wordpress\/wp-content\/Olivier-Ezratty-credit-Franck-Disegni-4-1025x1536.jpg 1025w, https:\/\/www.oezratty.net\/wordpress\/wp-content\/Olivier-Ezratty-credit-Franck-Disegni-4-1367x2048.jpg 1367w, https:\/\/www.oezratty.net\/wordpress\/wp-content\/Olivier-Ezratty-credit-Franck-Disegni-4.jpg 1667w\" sizes=\"auto, (max-width: 684px) 100vw, 684px\" \/><\/a>\u00a0 \u00a0<img loading=\"lazy\" decoding=\"async\" width=\"2000\" height=\"1333\" class=\"alignnone wp-image-12555\" style=\"height: 134px;\" src=\"https:\/\/www.oezratty.net\/wordpress\/wp-content\/Olivier-Ezratty-14.jpg\" alt=\"Olivier Ezratty (14)\" srcset=\"https:\/\/www.oezratty.net\/wordpress\/wp-content\/Olivier-Ezratty-14.jpg 2000w, https:\/\/www.oezratty.net\/wordpress\/wp-content\/Olivier-Ezratty-14-300x200.jpg 300w, https:\/\/www.oezratty.net\/wordpress\/wp-content\/Olivier-Ezratty-14-768x512.jpg 768w, https:\/\/www.oezratty.net\/wordpress\/wp-content\/Olivier-Ezratty-14-1024x682.jpg 1024w\" sizes=\"auto, (max-width: 2000px) 100vw, 2000px\" \/><\/p>\n","protected":false},"excerpt":{"rendered":"<p>Je suis consultant et auteur ind\u00e9pendant avec une activit\u00e9 tr\u00e8s diversifi\u00e9e de conseil, s\u00e9minaires, formations, expertises et veille technologique pour le secteur public et le secteur priv\u00e9. Depuis 2018, je suis sp\u00e9cialis\u00e9 dans les technologies quantiques apr\u00e8s avoir explor\u00e9 de nombreux autres domaines comme la TV num\u00e9rique, les objets connect\u00e9s, les medtechs et l&#8217;intelligence artificielle. [&hellip;]<\/p>\n","protected":false},"author":1,"featured_media":0,"parent":10,"menu_order":0,"comment_status":"closed","ping_status":"closed","template":"","meta":{"footnotes":""},"class_list":["post-2","page","type-page","status-publish","hentry"],"_links":{"self":[{"href":"https:\/\/www.oezratty.net\/wordpress\/wp-json\/wp\/v2\/pages\/2","targetHints":{"allow":["GET"]}}],"collection":[{"href":"https:\/\/www.oezratty.net\/wordpress\/wp-json\/wp\/v2\/pages"}],"about":[{"href":"https:\/\/www.oezratty.net\/wordpress\/wp-json\/wp\/v2\/types\/page"}],"author":[{"embeddable":true,"href":"https:\/\/www.oezratty.net\/wordpress\/wp-json\/wp\/v2\/users\/1"}],"replies":[{"embeddable":true,"href":"https:\/\/www.oezratty.net\/wordpress\/wp-json\/wp\/v2\/comments?post=2"}],"version-history":[{"count":2,"href":"https:\/\/www.oezratty.net\/wordpress\/wp-json\/wp\/v2\/pages\/2\/revisions"}],"predecessor-version":[{"id":23716,"href":"https:\/\/www.oezratty.net\/wordpress\/wp-json\/wp\/v2\/pages\/2\/revisions\/23716"}],"up":[{"embeddable":true,"href":"https:\/\/www.oezratty.net\/wordpress\/wp-json\/wp\/v2\/pages\/10"}],"wp:attachment":[{"href":"https:\/\/www.oezratty.net\/wordpress\/wp-json\/wp\/v2\/media?parent=2"}],"curies":[{"name":"wp","href":"https:\/\/api.w.org\/{rel}","templated":true}]}}