{"id":13352,"date":"2016-09-15T23:32:12","date_gmt":"2016-09-15T21:32:12","guid":{"rendered":"http:\/\/www.oezratty.net\/wordpress\/?page_id=13352"},"modified":"2022-04-26T15:41:06","modified_gmt":"2022-04-26T14:41:06","slug":"mentions-legales","status":"publish","type":"page","link":"https:\/\/www.oezratty.net\/wordpress\/blog\/mentions-legales\/","title":{"rendered":"Mentions l\u00e9gales et RGPD"},"content":{"rendered":"<p><strong>Mentions l\u00e9gales<\/strong><\/p>\n<p>L&#8217;auteur et unique r\u00e9dacteur de ce site est Olivier Ezratty qui est joignable au +33\u00a06 67 37 92 41, sur olivier (at) oezratty.net, @olivez sur Twitter et r\u00e9sidant en Ile de France.<\/p>\n<p>Ce site qui est en ligne depuis avril 2006 sans discontinuit\u00e9 ne g\u00e8re pas de cookies destin\u00e9s \u00e0 la collecte d&#8217;informations personnelles, \u00e0 de la publicit\u00e9 cibl\u00e9e ou \u00e0 de la mesure d&#8217;audience. Le site n&#8217;affiche aucune banni\u00e8re publicitaire.<\/p>\n<p>Les documents PDF ou ePub qu&#8217;il propose sont t\u00e9l\u00e9chargeables sans fournir son identit\u00e9 ou son email. Seul le nombre total de documents t\u00e9l\u00e9charg\u00e9s est suivi dans le backoffice du site.<\/p>\n<p>Seule la partie photo collecte les emails des\u00a0utilisateurs t\u00e9l\u00e9chargeant des photos. Elle propose aussi l&#8217;usage, avec opt-in\/out, de cookies permettant d&#8217;\u00e9viter la resaisie de son email lors de plusieurs t\u00e9l\u00e9chargements cons\u00e9cutifs.<\/p>\n<p>Il en va aussi des commentaires qui sont stock\u00e9s sur le site depuis sa cr\u00e9ation, avec la trace des emails des utilisateurs les ayant soumis. Ces commentaires peuvent \u00eatre supprim\u00e9s sur demande.<\/p>\n<p>Il est possible de s&#8217;abonner par email pour \u00eatre tenu inform\u00e9 de la parution de nouveaux articles sur ce site. La base de donn\u00e9es correspondante n&#8217;est utilis\u00e9e qu&#8217;\u00e0 cet effet. Elle ne contient que les emails des abonn\u00e9s et strictement aucune autre information personnelle. C&#8217;est une base &#8220;opt-in&#8221;, \u00e0 savoir qu&#8217;elle ne contient que les emails d&#8217;utilisateurs ayant explicitement demand\u00e9 \u00e0 \u00eatre abonn\u00e9s aux mails d&#8217;annonce des nouveaux articles publi\u00e9s sur ce blog. En cas de probl\u00e8me pour se d\u00e9sabonner avec les fonctions de la sidebar du blog, un simple email \u00e0 l&#8217;auteur permet de se d\u00e9sabonner (olivierblog@oezratty.net).<\/p>\n<p>Aucune donn\u00e9e de suivi et d&#8217;analyse nominative de l&#8217;activit\u00e9 des utilisateurs n&#8217;est stock\u00e9e et\u00a0conserv\u00e9e\u00a0dans ce site.<\/p>\n<p>Bref, tout ceci rend &#8220;Opinions Libres&#8221; largement RGPD-compliant&#8230;<\/p>\n<p>Le site tourne sous WordPress, compl\u00e9t\u00e9 de divers plugins, et est h\u00e9berg\u00e9 par <a href=\"https:\/\/www.1and1.fr\">1&amp;1<\/a>.<\/p>\n<p>Ce site est r\u00e9f\u00e9renc\u00e9 sous le num\u00e9ro ISSN 2680-0527 par la Biblioth\u00e8que Nationale de France.<\/p>\n","protected":false},"excerpt":{"rendered":"<p>Mentions l\u00e9gales L&#8217;auteur et unique r\u00e9dacteur de ce site est Olivier Ezratty qui est joignable au +33\u00a06 67 37 92 41, sur olivier (at) oezratty.net, @olivez sur Twitter et r\u00e9sidant en Ile de France. Ce site qui est en ligne depuis avril 2006 sans discontinuit\u00e9 ne g\u00e8re pas de cookies destin\u00e9s \u00e0 la collecte d&#8217;informations [&hellip;]<\/p>\n","protected":false},"author":1,"featured_media":0,"parent":756,"menu_order":0,"comment_status":"closed","ping_status":"closed","template":"","meta":{"footnotes":""},"class_list":["post-13352","page","type-page","status-publish","hentry"],"_links":{"self":[{"href":"https:\/\/www.oezratty.net\/wordpress\/wp-json\/wp\/v2\/pages\/13352","targetHints":{"allow":["GET"]}}],"collection":[{"href":"https:\/\/www.oezratty.net\/wordpress\/wp-json\/wp\/v2\/pages"}],"about":[{"href":"https:\/\/www.oezratty.net\/wordpress\/wp-json\/wp\/v2\/types\/page"}],"author":[{"embeddable":true,"href":"https:\/\/www.oezratty.net\/wordpress\/wp-json\/wp\/v2\/users\/1"}],"replies":[{"embeddable":true,"href":"https:\/\/www.oezratty.net\/wordpress\/wp-json\/wp\/v2\/comments?post=13352"}],"version-history":[{"count":0,"href":"https:\/\/www.oezratty.net\/wordpress\/wp-json\/wp\/v2\/pages\/13352\/revisions"}],"up":[{"embeddable":true,"href":"https:\/\/www.oezratty.net\/wordpress\/wp-json\/wp\/v2\/pages\/756"}],"wp:attachment":[{"href":"https:\/\/www.oezratty.net\/wordpress\/wp-json\/wp\/v2\/media?parent=13352"}],"curies":[{"name":"wp","href":"https:\/\/api.w.org\/{rel}","templated":true}]}}