{"id":10,"date":"2006-05-10T23:28:33","date_gmt":"2006-05-10T21:28:33","guid":{"rendered":"http:\/\/olivier.ezratty.free.fr\/wordpress\/?page_id=10"},"modified":"2024-12-10T10:57:20","modified_gmt":"2024-12-10T09:57:20","slug":"bio","status":"publish","type":"page","link":"https:\/\/www.oezratty.net\/wordpress\/bio\/","title":{"rendered":"Bio en fran\u00e7ais"},"content":{"rendered":"<p>Olivier Ezratty, <strong>auteur et ing\u00e9nieur sp\u00e9cialis\u00e9 en technologies quantiques<\/strong>.<\/p>\n<p>Quatre moyens pour rester en contact : <a href=\"https:\/\/www.oezratty.net\/\">https:\/\/www.oezratty.net<\/a>, olivier(at)oezratty.net, +33 6 67 37 92 41 et <a href=\"https:\/\/twitter.com\/#!\/olivez\">@olivez<\/a> sur Twitter.<\/p>\n<p>Quelques portraits disponibles <a href=\"https:\/\/www.oezratty.net\/wordpress\/bio\/about\/\">ici<\/a>.<\/p>\n<p><strong>Que fais-je ?<\/strong><\/p>\n<p>Je suis depuis 2005 auteur, enseignant et consultant alliant une bonne connaissance des technologies num\u00e9riques et de leurs applications dans les industries traditionnelles comme les m\u00e9dias, les industries et les services. Je suis un veilleur technologique \u00e0 m\u00eame de plancher sur des strat\u00e9gies \u00e0 360\u00b0 int\u00e9grant les dimensions technologiques, \u00e9conomiques et soci\u00e9tales. J&#8217;explore r\u00e9guli\u00e8rement de nouveaux champs technologiques avec par exemple la t\u00e9l\u00e9vision num\u00e9rique (2005-2013), l&#8217;Internet des objets (2011-2018), l&#8217;intelligence artificielle (2015-2021) et les medtechs (2012-2019).<\/p>\n<p>Je suis enti\u00e8rement d\u00e9di\u00e9 aux <strong>technologies quantiques<\/strong> depuis 2021, un domaine que j&#8217;ai commenc\u00e9 \u00e0 explorer \u00e0 partir de 2018.<\/p>\n<p><strong>Technologies quantiques<\/strong><\/p>\n<p>Je suis focalis\u00e9 sur le th\u00e8me des technologies quantiques depuis 2021 comme auteur, formateur, enseignant, conf\u00e9rencier et analyste. Voici un aper\u00e7u de mes diff\u00e9rentes activit\u00e9s dans le domaine.<\/p>\n<p><span style=\"text-decoration: underline;\">Auteur<\/span><\/p>\n<ul>\n<li>J&#8217;ai publi\u00e9 l&#8217;ebook de r\u00e9f\u00e9rence <strong>Comprendre l&#8217;informatique quantique<\/strong> en septembre 2018 et mis \u00e0 jour en septembre 2019 et 2020, puis en anglais avec <strong>Understanding Quantum Technologies<\/strong>, publi\u00e9 en septembre 2021 (836 pages), <a href=\"https:\/\/www.oezratty.net\/wordpress\/2022\/understanding-quantum-technologies-2022\/\">septembre 2022<\/a> (1128 pages), <a href=\"https:\/\/www.oezratty.net\/wordpress\/2023\/understanding-quantum-technologies-2023\/\">septembre 2023<\/a> (1366 pages) et <a href=\"https:\/\/www.oezratty.net\/wordpress\/2024\/understanding-quantum-technologies-2024\/\">septembre 2024<\/a> (1554 pages). Ce dernier est aussi commandable en <a href=\"https:\/\/www.oezratty.net\/wordpress\/2023\/understanding-quantum-technologies-2023-paperback-edition\/\">version papier<\/a> sur Amazon.<\/li>\n<li>Avec <strong>Fanny Bouton<\/strong>, j&#8217;anime \u00e0 titre b\u00e9n\u00e9vole deux s\u00e9ries de <a href=\"https:\/\/www.oezratty.net\/wordpress\/podcasts-quantiques\/\">podcasts<\/a>\u00a0: <strong>Quantum<\/strong> sur l&#8217;actualit\u00e9 quantique (depuis septembre 2019) et <strong>Decode Quantum<\/strong>, des entretiens d&#8217;une heure avec les sp\u00e9cialistes du domaine (chercheurs, entrepreneurs, etc) depuis mars 2020, en partenariat avec Frenchweb qui les diffuse sur son site.<\/li>\n<\/ul>\n<p><span style=\"text-decoration: underline;\">Conf\u00e9rencier<\/span><\/p>\n<ul>\n<li>Avec <strong>Fanny Bouton<\/strong>, nous avons lanc\u00e9 des conf\u00e9rences de vulgarisation grand public sur l&#8217;informatique quantique \u00e0 commencer par <strong>Le quantique c&#8217;est fantastique<\/strong>, jou\u00e9 \u00e0 Nantes pendant l&#8217;\u00e9v\u00e9nement Web2day en juin 2018 (<a href=\"https:\/\/www.youtube.com\/watch?v=jodfhQOvwww\">vid\u00e9o<\/a>).<\/li>\n<li>J&#8217;interviens comme <strong>conf\u00e9rencier<\/strong> sur les technologies quantiques apr\u00e8s de nombreux acteurs des secteurs priv\u00e9 et publics. Avec notamment : Soci\u00e9t\u00e9 G\u00e9n\u00e9rale, BNP, Cr\u00e9dit Agricole, Michelin, Ad\u00e9o, L\u2019Or\u00e9al, FIECC, IHEDN, Business France, EGE (\u00c9cole de Guerre \u00c9conomique), CentraleSupelec, Avolta Partners, ainsi que dans diverses conf\u00e9rences (journ\u00e9es Minalogic \u00e0 Grenoble, conf\u00e9rences QCB de Bpifrance, #GEN2021 \u00e0 Metz, etc, et souvent en duo avec des Directrices de Recherche comme Alexia Auff\u00e8ves, Pascale Senellart, Eleni Diamanti, Elham Kashefi (toutes du CNRS) et Maud Vinet (CEA-Leti).<\/li>\n<li>J&#8217;ai aussi anim\u00e9 des panels sur le <a href=\"https:\/\/www.youtube.com\/watch?v=5UDJptJ-ymU&amp;t=4034s\">calcul quantique<\/a>, sur les capteurs quantiques, sur les <a href=\"https:\/\/www.youtube.com\/watch?v=qWea8vwgL7w&amp;t=73s\">logiciels quantiques<\/a> et sur les technologies habilitantes dans l&#8217;\u00e9v\u00e9nement BIG de Bpifrance en 2018, 2019, 2021 et 2022. Puis lors du lancement de la strat\u00e9gie de calcul quantique hybride le 4 janvier 2022 \u00e0 l&#8217;IOGS ainsi que dans la conf\u00e9rence Quantum Ambitions organis\u00e9e par le CEA, le CNRS et Inria le 21 f\u00e9vrier 2022 au CEA \u00e0 Saclay, au lancement de QuantAlps \u00e0 Grenoble en mars 2022 ainsi que dans l&#8217;\u00e9v\u00e9nement <a href=\"https:\/\/www.francequantum.fr\/sessions\">France Quantum<\/a> \u00e0 la Tour Eiffel en juin 2022, puis en juin 2023 et mai 2024.<\/li>\n<\/ul>\n<p><span style=\"text-decoration: underline;\">Enseignement et formation<\/span><\/p>\n<ul>\n<li>J&#8217;anime un s\u00e9minaire de vulgarisation pour le <strong>CEA INSTN<\/strong>.<\/li>\n<li>En septembre 2021, j&#8217;ai pris en charge la mineure &#8220;informatique quantique&#8221; de l&#8217;<strong>EPITA<\/strong>, destin\u00e9e \u00e0 ses \u00e9l\u00e8ves ing\u00e9nieurs de 5e ann\u00e9e. Depuis 2023, j&#8217;interviens aussi dans la majeure quantique de la m\u00eame \u00e9cole.<\/li>\n<li>J&#8217;ai coordonn\u00e9, et ai \u00e9t\u00e9 intervenant et animateur d&#8217;un s\u00e9minaire de sensibilisation au quantique pour l&#8217;<strong>Institut de l&#8217;ENS<\/strong> entre octobre et d\u00e9cembre 2022 avec la participation de Fr\u00e9d\u00e9ric Magniez (Coll\u00e8ge de France, IRIF), Eleni Diamanti (CNRS LIP6), Alexia Auff\u00e8ves (Quantum Energy Initiative, CNRS MajuLab), Christophe Jurczak (Quantonation), Neil Abroug (SGPI), Laure Le Bars (SAP, QuIC), Takis Kontos et Pierre Desjardins (C12 Quantum Electronics).<\/li>\n<li>J&#8217;interviens \u00e0 l&#8217;<strong>ENS Paris Saclay<\/strong> depuis d\u00e9cembre 2024 dans le cursus ARTeQ sur l&#8217;histoire de l&#8217;informatique classique, les semiconducteurs et l&#8217;intelligence artificielle.<\/li>\n<\/ul>\n<p><span style=\"text-decoration: underline;\">Expertise<\/span><\/p>\n<ul>\n<li>J&#8217;expertise des dossiers sur les technologies quantiques pour le compte de <strong>Bpifrance<\/strong> (programmes i-NOV, i-LAB, i-D\u00e9mo et aides deep tech) ainsi que sur les programmes de la strat\u00e9gie nationale quantique pour l&#8217;<strong>Agence Nationale de Recherche<\/strong>.<\/li>\n<li>Membre du comit\u00e9 d&#8217;experts du <strong>Programme Inria Quadrant<\/strong> de recherche \u00e0 risque depuis mi 2024.<\/li>\n<li>Je conduis des &#8220;due diligence&#8221; de dossiers de startups pour des fonds d&#8217;investissement en France et ailleurs.<\/li>\n<\/ul>\n<p><span style=\"text-decoration: underline;\">Recherche<\/span><\/p>\n<ul>\n<li>Je suis chercheur associ\u00e9 de l&#8217;<strong>EPITA Research Laboratory<\/strong>, \u00e9tiquette sous laquelle je publie divers papiers comme une <a href=\"https:\/\/epja.epj.org\/articles\/epja\/abs\/2023\/05\/10050_2023_Article_1006\/10050_2023_Article_1006.html\">perspective sur les qubits supraconducteurs<\/a> ou des travaux relatifs aux fondations de la physique quantique avec Philippe Grangier.<\/li>\n<li>Je suis cofondateur de la <strong>Quantum Energy Initiative<\/strong> <a href=\"https:\/\/quantum-energy-initiative.org\/\">lanc\u00e9e<\/a> en ao\u00fbt 2022.<\/li>\n<\/ul>\n<p>Et ce n&#8217;est que la partie visible de mon engagement dans la promotion des technologies quantiques !<\/p>\n<p>NB : je ne suis <strong>pas<\/strong> journaliste ! Si vous croyez que c&#8217;est mon m\u00e9tier, relisez bien tout ce qui est au-dessus une seconde fois.<\/p>\n<p><strong>Formats<\/strong><\/p>\n<p>De mani\u00e8re plus g\u00e9n\u00e9rale, mon activit\u00e9 prend des formes tr\u00e8s vari\u00e9es :<\/p>\n<ul>\n<li>Je conseille les entreprises dans l\u2019\u00e9laboration de leurs <strong>strat\u00e9gies d&#8217;innovation et strat\u00e9gies produits <\/strong>en leur apportant une triple expertise : technologique, marketing et management ainsi que la connaissance des \u00e9cosyst\u00e8mes dans les industries num\u00e9riques. J&#8217;ai ainsi r\u00e9alis\u00e9 depuis\u00a02005 des missions diverses d\u2019accompagnement strat\u00e9gique et de conf\u00e9rences ou formations dans diff\u00e9rents secteurs tels que les <strong>m\u00e9dias<\/strong>\u00a0(TF1, RTS-SSR, SES Astra, TDF, Euro Media Group, Netgem, M\u00e9diam\u00e9trie, BVA), les <strong>t\u00e9l\u00e9communications<\/strong> (Bouygues T\u00e9l\u00e9com, Orange, SFR, Alcatel-Lucent), les <strong>produits grand public<\/strong> (LG Electronics, groupe Seb, L\u2019Or\u00e9al, Alt Group), l\u2019<strong>industrie<\/strong> (Schneider Electric, groupe Airbus), le <strong>BTP<\/strong> (Colas, F\u00e9d\u00e9ration Fran\u00e7aise du B\u00e2timent), la <strong>finance et l\u2019assurance<\/strong> (Cr\u00e9dit Agricole, Cr\u00e9dit Mutuel-CIC, Soci\u00e9t\u00e9 G\u00e9n\u00e9rale, Natixis, BNP, Groupama, MAIF, Generali) et les <strong>services publics<\/strong> (Bpifrance, Business France, Minist\u00e8re des Arm\u00e9es, Inria, CEA, &#8230;). Ces missions couvrent par exemple l\u2019assistance \u00e0 la cr\u00e9ation de roadmap produit, l\u2019analyse de positionnement et de la concurrence, la d\u00e9finition de strat\u00e9gies d\u2019\u00e9cosyst\u00e8mes ainsi que l\u2019intervention dans des conf\u00e9rences, formations et s\u00e9minaires.<\/li>\n<li>J&#8217;ai \u00e9t\u00e9 tr\u00e8s actif dans <strong>l&#8217;\u00e9cosyst\u00e8me des startups <\/strong>comme expert dans l&#8217;acc\u00e9l\u00e9rateur Wilco, anciennement Scientip\u00f4le Initiative, avec des missions d\u2019expertise de startups pour divers fonds d\u2019investissement et en cr\u00e9ant le <a href=\"https:\/\/www.oezratty.net\/wordpress\/2019\/guide-des-startups-2019\/\">Guide des Startups<\/a>, diffus\u00e9 gratuitement entre 2005 en 2019 avec 22 \u00e9ditions au compteur.<\/li>\n<li>J&#8217;ai \u00e9t\u00e9 ou suis <b>intervenant <\/b>dans divers \u00e9tablissements d&#8217;enseignement sup\u00e9rieur tels que CentraleSupelec, l&#8217;EPITA, SciencesPo Paris, \u00e0 HEC, au eMBA de l&#8217;Institut T\u00e9l\u00e9com, \u00e0 Neoma Rouen et aux Gobelins, o\u00f9 j\u2019interviens sur divers sujets comme l&#8217;innovation dans les industries num\u00e9riques, le product management les technologies quantiques. Le tout en fran\u00e7ais comme en anglais.<\/li>\n<li>J&#8217;ai \u00e9t\u00e9 formateur chez <strong>Cap Gemini Institut<\/strong> avec un cursus de deux jours sur l&#8217;intelligence artificielle (entre fin 2017 et fin 2021).<\/li>\n<li>J&#8217;ai l&#8217;occasion d&#8217;accompagner diverses organisations du secteur public comme <strong>Bpifrance <\/strong>(\u00e9dition d&#8217;une <a href=\"https:\/\/www.oezratty.net\/wordpress\/2016\/lancement-guide-generation-start-up-avec-bpifrance\/\">version r\u00e9sum\u00e9e<\/a> du guide des startups en 2016, travail sur l&#8217;\u00e9cosyst\u00e8me de l&#8217;informatique quantique en 2018, expertises de startups), <strong>Business France<\/strong> (accompagnement des startups s\u00e9lectionn\u00e9es pour exposer au CES de Las Vegas jusqu&#8217;en 2020), <strong>Minist\u00e8re de l&#8217;Education Nationale<\/strong> (jury pour projets des programmes d&#8217;investissements d&#8217;avenir), <strong>Paris&amp;Co<\/strong> (jury au Grand Prix de l&#8217;Innovation de la Ville de Paris depuis 2009) et \u00e0 l&#8217;<strong>ARCEP<\/strong> (membre du conseil strat\u00e9gique puis du conseil scientifique depuis 2016).<\/li>\n<\/ul>\n<p>J\u2019\u00e9dite le blog <strong>Opinions Libres <\/strong>depuis mai 2006. Celui-ci est d\u00e9di\u00e9 aux strat\u00e9gies et politiques de l\u2019innovation, \u00e0 l\u2019entrepreneuriat ainsi qu&#8217;\u00e0 une veille technologique multi-facettes tr\u00e8s focalis\u00e9e sur les deep techs et sur les \u00e9cosyst\u00e8mes d&#8217;innovations.<\/p>\n<p>J\u2019y ai publi\u00e9 chaque janvier entre 2006 et 2020 plus d&#8217;une quarantaine d&#8217;ebooks en t\u00e9l\u00e9chargements gratuits, avec\u00a0le\u00a0 <strong>Rapport du CES de Las Vegas <\/strong>entre 2006 et 2020, <strong>Les usages de l&#8217;intelligence artificielle<\/strong>, <a href=\"https:\/\/www.oezratty.net\/wordpress\/2017\/usages-intelligence-artificielle-ebook\/\">sorti<\/a> en octobre 2017 et <a href=\"https:\/\/www.oezratty.net\/wordpress\/2018\/usages-intelligence-artificielle-2018\/\">r\u00e9actualis\u00e9<\/a> en novembre 2018 et 2019 et 2021, puis <strong>Comprendre l&#8217;Informatique quantique<\/strong> (septembre 2018, 2019 et 2020), devenu <strong>Understanding Quantum Technologies<\/strong> en septembre 2021 puis septembre 2022 et septembre 2023.<\/p>\n<p><strong>Quelques Femmes du Num\u00e9rique !<\/strong><\/p>\n<p>J&#8217;ai aussi \u00e9t\u00e9 <a href=\"https:\/\/www.oezratty.net\/wordpress\/photos\/\">photographe semi-amateur<\/a>, ayant co-lanc\u00e9 avec Marie-Anne Magnac l&#8217;initiative\u00a0<a href=\"http:\/\/www.qfdn.net\">Quelques Femmes du Num\u00e9rique !<\/a> en octobre 2012 qui valorise pr\u00e8s de 800 &#8220;role models&#8221; f\u00e9minins dans les m\u00e9tiers du num\u00e9rique, pour encourager les jeunes filles \u00e0 se lancer dans cette fili\u00e8re, notamment dans l&#8217;entrepreneuriat ou les m\u00e9tiers techniques du num\u00e9rique, qui sont les plus porteurs d&#8217;avenir. C&#8217;est une association 1901 depuis 2016.<\/p>\n<p>J&#8217;ai aussi d\u00e9velopp\u00e9 le plugin WordPress &#8220;<strong>Photo-Folders<\/strong>&#8221; qui me permet de partager pr\u00e8s de <a href=\"https:\/\/www.oezratty.net\/wordpress\/photos\">95 000 photos<\/a> sur mon blog.<\/p>\n<p><strong>D&#8217;o\u00f9 viens-je ?<\/strong><\/p>\n<p>J\u2019ai d\u00e9but\u00e9 en 1985 chez Sogitec, une filiale du groupe Dassault, o\u00f9 j\u2019ai \u00e9t\u00e9 successivement Ing\u00e9nieur Logiciel, puis Responsable du Service Etudes dans la Division Communication. J\u2019y ai initialis\u00e9 des d\u00e9veloppements logiciels graphiques sous Windows 1.0 dans le domaine de l\u2019informatique \u00e9ditoriale.<\/p>\n<p>Entrant chez Microsoft France en 1990, j\u2019y acquiers une exp\u00e9rience dans tous les domaines du mix marketing: produits, canaux, march\u00e9s, communication et relations presse. Je lance la premi\u00e8re version de Visual Basic en 1991 ainsi que celle de Windows NT en 1993. <strong>Directeur Marketing et Communication<\/strong> de Microsoft France en juillet 1998, je supervise la refonte des outils de communication interne et externes de Microsoft, lance un nouveau code de communication, modifie le dispositif d\u2019agences de communication externes, revisite les relations presse, pr\u00e9pare le passage \u00e0 l\u2019Euro et \u00e0 l\u2019An 2000 pour les clients et partenaires, et lance notamment Windows 2000 et Office 2000.<\/p>\n<p>En mai 2001, je deviens <strong>Directeur de la Division D\u00e9veloppeurs et Plateforme d\u2019Entreprise <\/strong>(<em>maintenant: D\u00e9veloppeurs, Plateforme et Ecosyst\u00e8me<\/em>) dont j\u2019assure la cr\u00e9ation en France. Cette nouvelle division a pour mission de faire adopter la plate-forme d\u2019entreprise Microsoft par les d\u00e9veloppeurs, les responsables informatiques, les architectes logiciels, les \u00e9diteurs de logiciels ainsi que dans l\u2019enseignement sup\u00e9rieur et la recherche. J\u2019y lance la plate-forme .NET, de nombreux partenariats avec l\u2019enseignement sup\u00e9rieur, la recherche et les \u00e9diteurs de logiciels fran\u00e7ais et les premiers grands projets .NET dans les grandes entreprises. J\u2019assure la croissance de cette Division de 12 \u00e0 45 personnes pendant quatre ans. Pendant cette p\u00e9riode, la plate-forme .NET passe de 0% \u00e0 plus de 30% de part de march\u00e9 chez les d\u00e9veloppeurs en France (selon diff\u00e9rentes \u00e9tudes, forc\u00e9ment contestables\u2026).<\/p>\n<p>Je suis ing\u00e9nieur de l\u2019\u00c9cole Centrale Paris, promotion 1985 (\u00e9cole devenue CentraleSupelec en 2015).<\/p>\n","protected":false},"excerpt":{"rendered":"<p>Olivier Ezratty, auteur et ing\u00e9nieur sp\u00e9cialis\u00e9 en technologies quantiques. Quatre moyens pour rester en contact : https:\/\/www.oezratty.net, olivier(at)oezratty.net, +33 6 67 37 92 41 et @olivez sur Twitter. Quelques portraits disponibles ici. Que fais-je ? Je suis depuis 2005 auteur, enseignant et consultant alliant une bonne connaissance des technologies num\u00e9riques et de leurs applications dans [&hellip;]<\/p>\n","protected":false},"author":1,"featured_media":0,"parent":0,"menu_order":0,"comment_status":"closed","ping_status":"closed","template":"","meta":{"footnotes":""},"class_list":["post-10","page","type-page","status-publish","hentry"],"_links":{"self":[{"href":"https:\/\/www.oezratty.net\/wordpress\/wp-json\/wp\/v2\/pages\/10","targetHints":{"allow":["GET"]}}],"collection":[{"href":"https:\/\/www.oezratty.net\/wordpress\/wp-json\/wp\/v2\/pages"}],"about":[{"href":"https:\/\/www.oezratty.net\/wordpress\/wp-json\/wp\/v2\/types\/page"}],"author":[{"embeddable":true,"href":"https:\/\/www.oezratty.net\/wordpress\/wp-json\/wp\/v2\/users\/1"}],"replies":[{"embeddable":true,"href":"https:\/\/www.oezratty.net\/wordpress\/wp-json\/wp\/v2\/comments?post=10"}],"version-history":[{"count":3,"href":"https:\/\/www.oezratty.net\/wordpress\/wp-json\/wp\/v2\/pages\/10\/revisions"}],"predecessor-version":[{"id":22966,"href":"https:\/\/www.oezratty.net\/wordpress\/wp-json\/wp\/v2\/pages\/10\/revisions\/22966"}],"wp:attachment":[{"href":"https:\/\/www.oezratty.net\/wordpress\/wp-json\/wp\/v2\/media?parent=10"}],"curies":[{"name":"wp","href":"https:\/\/api.w.org\/{rel}","templated":true}]}}